{"id":169,"date":"2021-03-24T13:08:46","date_gmt":"2021-03-24T10:08:46","guid":{"rendered":"https:\/\/simseksocks.com\/de\/?page_id=169"},"modified":"2021-06-22T02:04:53","modified_gmt":"2021-06-21T23:04:53","slug":"unsere-zertifikate","status":"publish","type":"page","link":"https:\/\/simseksocks.com\/de\/unsere-zertifikate\/","title":{"rendered":"Unsere Zertifikate"},"content":{"rendered":"\n  <div id=\"page-header-678421471\" class=\"page-header-wrapper\">\n  <div class=\"page-title dark featured-title\">\n\n    \n    <div class=\"page-title-inner container align-center flex-row medium-flex-wrap\" >\n              <div class=\"title-wrapper flex-col text-left medium-text-center\">\n          <h1 class=\"entry-title mb-0\">\n            Unsere Zertifikate          <\/h1>\n        <\/div>\n                    <div class=\"title-content flex-col flex-right text-right medium-text-center\">\n        <div class=\"title-share pt-half pb-half\"><div class=\"social-icons share-icons share-row relative\" ><a href=\"whatsapp:\/\/send?text=Unsere%20Zertifikate - https:\/\/simseksocks.com\/de\/unsere-zertifikate\/\" data-action=\"share\/whatsapp\/share\" class=\"icon button circle is-outline tooltip whatsapp show-for-medium\" title=\"Share on WhatsApp\"><i class=\"icon-whatsapp\"><\/i><\/a><a href=\"https:\/\/www.facebook.com\/sharer.php?u=https:\/\/simseksocks.com\/de\/unsere-zertifikate\/\" data-label=\"Facebook\" onclick=\"window.open(this.href,this.title,'width=500,height=500,top=300px,left=300px');  return false;\" rel=\"noopener noreferrer nofollow\" target=\"_blank\" class=\"icon button circle is-outline tooltip facebook\" title=\"Facebook ile Payla\u015f\"><i class=\"icon-facebook\" ><\/i><\/a><a href=\"https:\/\/twitter.com\/share?url=https:\/\/simseksocks.com\/de\/unsere-zertifikate\/\" onclick=\"window.open(this.href,this.title,'width=500,height=500,top=300px,left=300px');  return false;\" rel=\"noopener noreferrer nofollow\" target=\"_blank\" class=\"icon button circle is-outline tooltip twitter\" title=\"Twitter ile Payla\u015f\"><i class=\"icon-twitter\" ><\/i><\/a><a href=\"mailto:enteryour@addresshere.com?subject=Unsere%20Zertifikate&amp;body=Check%20this%20out:%20https:\/\/simseksocks.com\/de\/unsere-zertifikate\/\" rel=\"nofollow\" class=\"icon button circle is-outline tooltip email\" title=\"Arkada\u015f\u0131na Email \u0130le G\u00f6nder\"><i class=\"icon-envelop\" ><\/i><\/a><a href=\"https:\/\/pinterest.com\/pin\/create\/button\/?url=https:\/\/simseksocks.com\/de\/unsere-zertifikate\/&amp;media=&amp;description=Unsere%20Zertifikate\" onclick=\"window.open(this.href,this.title,'width=500,height=500,top=300px,left=300px');  return false;\" rel=\"noopener noreferrer nofollow\" target=\"_blank\" class=\"icon button circle is-outline tooltip pinterest\" title=\"Pinterest&rsquo; te \u0130\u011fnele\"><i class=\"icon-pinterest\" ><\/i><\/a><a href=\"https:\/\/www.linkedin.com\/shareArticle?mini=true&url=https:\/\/simseksocks.com\/de\/unsere-zertifikate\/&title=Unsere%20Zertifikate\" onclick=\"window.open(this.href,this.title,'width=500,height=500,top=300px,left=300px');  return false;\"  rel=\"noopener noreferrer nofollow\" target=\"_blank\" class=\"icon button circle is-outline tooltip linkedin\" title=\"Share on LinkedIn\"><i class=\"icon-linkedin\" ><\/i><\/a><\/div><\/div>      <\/div>\n    <\/div>\n\n       <\/div>\n    <\/div>\n  \n\n\t<div id=\"gap-1510739087\" class=\"gap-element clearfix\" style=\"display:block; height:auto;\">\n\t\t\n<style>\n#gap-1510739087 {\n  padding-top: 30px;\n}\n<\/style>\n\t<\/div>\n\t\n\n<div class=\"row\"  id=\"row-314571991\">\n\n\n\t<div id=\"col-1504684285\" class=\"col medium-4 small-12 large-4\"  data-animate=\"fadeInLeft\">\n\t\t<div class=\"col-inner box-shadow-2 box-shadow-3-hover\"  >\n\t\t\t\n\t\t\t\n\n\t<div class=\"img has-hover x md-x lg-x y md-y lg-y\" id=\"image_525946646\">\n\t\t\t\t\t\t\t\t<div class=\"img-inner dark\" >\n\t\t\t<img width=\"306\" height=\"165\" src=\"https:\/\/simseksocks.com\/de\/wp-content\/uploads\/2021\/04\/OEKO.jpg\" class=\"attachment-original size-original\" alt=\"OEKO\" loading=\"lazy\" srcset=\"https:\/\/simseksocks.com\/de\/wp-content\/uploads\/2021\/04\/OEKO.jpg 306w, https:\/\/simseksocks.com\/de\/wp-content\/uploads\/2021\/04\/OEKO-300x162.jpg 300w\" sizes=\"(max-width: 306px) 100vw, 306px\" \/>\t\t\t\t\t\t\n\t\t\t\t\t<\/div>\n\t\t\t\t\t\t\t\t\n<style>\n#image_525946646 {\n  width: 100%;\n}\n<\/style>\n\t<\/div>\n\t\n\n\n\t\t<\/div>\n\t\t\n<style>\n#col-1504684285 > .col-inner {\n  border-radius: 10px;\n}\n<\/style>\n\t<\/div>\n\n\t\n\n\t<div id=\"col-819918415\" class=\"col medium-4 small-12 large-4\"  data-animate=\"bounceIn\">\n\t\t<div class=\"col-inner box-shadow-2 box-shadow-3-hover\"  >\n\t\t\t\n\t\t\t\n\n\t<div class=\"img has-hover x md-x lg-x y md-y lg-y\" id=\"image_1629987806\">\n\t\t\t\t\t\t\t\t<div class=\"img-inner dark\" >\n\t\t\t<img width=\"306\" height=\"165\" src=\"https:\/\/simseksocks.com\/de\/wp-content\/uploads\/2021\/04\/BSCI-2021.jpg\" class=\"attachment-original size-original\" alt=\"\" loading=\"lazy\" srcset=\"https:\/\/simseksocks.com\/de\/wp-content\/uploads\/2021\/04\/BSCI-2021.jpg 306w, https:\/\/simseksocks.com\/de\/wp-content\/uploads\/2021\/04\/BSCI-2021-300x162.jpg 300w\" sizes=\"(max-width: 306px) 100vw, 306px\" \/>\t\t\t\t\t\t\n\t\t\t\t\t<\/div>\n\t\t\t\t\t\t\t\t\n<style>\n#image_1629987806 {\n  width: 100%;\n}\n<\/style>\n\t<\/div>\n\t\n\n\n\t\t<\/div>\n\t\t\n<style>\n#col-819918415 > .col-inner {\n  border-radius: 10px;\n}\n<\/style>\n\t<\/div>\n\n\t\n\n\t<div id=\"col-108187094\" class=\"col medium-4 small-12 large-4\"  data-animate=\"fadeInRight\">\n\t\t<div class=\"col-inner box-shadow-2 box-shadow-3-hover\"  >\n\t\t\t\n\t\t\t\n\n\t<div class=\"img has-hover x md-x lg-x y md-y lg-y\" id=\"image_722904113\">\n\t\t\t\t\t\t\t\t<div class=\"img-inner dark\" >\n\t\t\t<img width=\"306\" height=\"165\" src=\"https:\/\/simseksocks.com\/de\/wp-content\/uploads\/2021\/03\/Gots.jpg\" class=\"attachment-original size-original\" alt=\"\" loading=\"lazy\" srcset=\"https:\/\/simseksocks.com\/de\/wp-content\/uploads\/2021\/03\/Gots.jpg 306w, https:\/\/simseksocks.com\/de\/wp-content\/uploads\/2021\/03\/Gots-300x162.jpg 300w\" sizes=\"(max-width: 306px) 100vw, 306px\" \/>\t\t\t\t\t\t\n\t\t\t\t\t<\/div>\n\t\t\t\t\t\t\t\t\n<style>\n#image_722904113 {\n  width: 100%;\n}\n<\/style>\n\t<\/div>\n\t\n\n\n\t\t<\/div>\n\t\t\n<style>\n#col-108187094 > .col-inner {\n  border-radius: 10px;\n}\n<\/style>\n\t<\/div>\n\n\t\n\n\t<div id=\"col-701067428\" class=\"col medium-4 small-12 large-4\"  data-animate=\"fadeInLeft\">\n\t\t<div class=\"col-inner box-shadow-2 box-shadow-3-hover\"  >\n\t\t\t\n\t\t\t\n\n\t<div class=\"img has-hover x md-x lg-x y md-y lg-y\" id=\"image_2134310385\">\n\t\t\t\t\t\t\t\t<div class=\"img-inner dark\" >\n\t\t\t<img width=\"306\" height=\"165\" src=\"https:\/\/simseksocks.com\/de\/wp-content\/uploads\/2021\/04\/Sedex.jpg\" class=\"attachment-original size-original\" alt=\"Sedex\" loading=\"lazy\" srcset=\"https:\/\/simseksocks.com\/de\/wp-content\/uploads\/2021\/04\/Sedex.jpg 306w, https:\/\/simseksocks.com\/de\/wp-content\/uploads\/2021\/04\/Sedex-300x162.jpg 300w\" sizes=\"(max-width: 306px) 100vw, 306px\" \/>\t\t\t\t\t\t\n\t\t\t\t\t<\/div>\n\t\t\t\t\t\t\t\t\n<style>\n#image_2134310385 {\n  width: 100%;\n}\n<\/style>\n\t<\/div>\n\t\n\n\n\t\t<\/div>\n\t\t\n<style>\n#col-701067428 > .col-inner {\n  border-radius: 10px;\n}\n<\/style>\n\t<\/div>\n\n\t\n\n\t<div id=\"col-2084751079\" class=\"col medium-4 small-12 large-4\"  data-animate=\"bounceIn\">\n\t\t<div class=\"col-inner box-shadow-2 box-shadow-3-hover\"  >\n\t\t\t\n\t\t\t\n\n\t<div class=\"img has-hover x md-x lg-x y md-y lg-y\" id=\"image_984082093\">\n\t\t\t\t\t\t\t\t<div class=\"img-inner dark\" >\n\t\t\t<img width=\"306\" height=\"165\" src=\"https:\/\/simseksocks.com\/de\/wp-content\/uploads\/2021\/03\/Organik-Urun.jpg\" class=\"attachment-original size-original\" alt=\"\" loading=\"lazy\" srcset=\"https:\/\/simseksocks.com\/de\/wp-content\/uploads\/2021\/03\/Organik-Urun.jpg 306w, https:\/\/simseksocks.com\/de\/wp-content\/uploads\/2021\/03\/Organik-Urun-300x162.jpg 300w\" sizes=\"(max-width: 306px) 100vw, 306px\" \/>\t\t\t\t\t\t\n\t\t\t\t\t<\/div>\n\t\t\t\t\t\t\t\t\n<style>\n#image_984082093 {\n  width: 100%;\n}\n<\/style>\n\t<\/div>\n\t\n\n\n\t\t<\/div>\n\t\t\n<style>\n#col-2084751079 > .col-inner {\n  border-radius: 10px;\n}\n<\/style>\n\t<\/div>\n\n\t\n\n\t<div id=\"col-1502831860\" class=\"col medium-4 small-12 large-4\"  data-animate=\"fadeInRight\">\n\t\t<div class=\"col-inner box-shadow-2 box-shadow-3-hover\"  >\n\t\t\t\n\t\t\t\n\n\t<div class=\"img has-hover x md-x lg-x y md-y lg-y\" id=\"image_1352907596\">\n\t\t\t\t\t\t\t\t<div class=\"img-inner dark\" >\n\t\t\t<img width=\"306\" height=\"165\" src=\"https:\/\/simseksocks.com\/de\/wp-content\/uploads\/2021\/03\/Iso-9001.png\" class=\"attachment-original size-original\" alt=\"\" loading=\"lazy\" srcset=\"https:\/\/simseksocks.com\/de\/wp-content\/uploads\/2021\/03\/Iso-9001.png 306w, https:\/\/simseksocks.com\/de\/wp-content\/uploads\/2021\/03\/Iso-9001-300x162.png 300w\" sizes=\"(max-width: 306px) 100vw, 306px\" \/>\t\t\t\t\t\t\n\t\t\t\t\t<\/div>\n\t\t\t\t\t\t\t\t\n<style>\n#image_1352907596 {\n  width: 100%;\n}\n<\/style>\n\t<\/div>\n\t\n\n\n\t\t<\/div>\n\t\t\n<style>\n#col-1502831860 > .col-inner {\n  border-radius: 10px;\n}\n<\/style>\n\t<\/div>\n\n\t\n\n\t<div id=\"col-1706869786\" class=\"col medium-4 small-12 large-4\"  data-animate=\"fadeInLeft\">\n\t\t<div class=\"col-inner box-shadow-2 box-shadow-3-hover\"  >\n\t\t\t\n\t\t\t\n\n\t<div class=\"img has-hover x md-x lg-x y md-y lg-y\" id=\"image_380075140\">\n\t\t\t\t\t\t\t\t<div class=\"img-inner dark\" >\n\t\t\t<img width=\"306\" height=\"165\" src=\"https:\/\/simseksocks.com\/de\/wp-content\/uploads\/2021\/04\/ISO-14001-r.jpg\" class=\"attachment-original size-original\" alt=\"\" loading=\"lazy\" srcset=\"https:\/\/simseksocks.com\/de\/wp-content\/uploads\/2021\/04\/ISO-14001-r.jpg 306w, https:\/\/simseksocks.com\/de\/wp-content\/uploads\/2021\/04\/ISO-14001-r-300x162.jpg 300w\" sizes=\"(max-width: 306px) 100vw, 306px\" \/>\t\t\t\t\t\t\n\t\t\t\t\t<\/div>\n\t\t\t\t\t\t\t\t\n<style>\n#image_380075140 {\n  width: 100%;\n}\n<\/style>\n\t<\/div>\n\t\n\n\n\t\t<\/div>\n\t\t\n<style>\n#col-1706869786 > .col-inner {\n  border-radius: 10px;\n}\n<\/style>\n\t<\/div>\n\n\t\n\n\t<div id=\"col-1584106137\" class=\"col medium-4 small-12 large-4\"  data-animate=\"bounceIn\">\n\t\t<div class=\"col-inner box-shadow-2 box-shadow-3-hover\"  >\n\t\t\t\n\t\t\t\n\n\t<div class=\"img has-hover x md-x lg-x y md-y lg-y\" id=\"image_599767188\">\n\t\t\t\t\t\t\t\t<div class=\"img-inner dark\" >\n\t\t\t<img width=\"306\" height=\"165\" src=\"https:\/\/simseksocks.com\/de\/wp-content\/uploads\/2021\/03\/ISO-27001.jpg\" class=\"attachment-original size-original\" alt=\"\" loading=\"lazy\" srcset=\"https:\/\/simseksocks.com\/de\/wp-content\/uploads\/2021\/03\/ISO-27001.jpg 306w, https:\/\/simseksocks.com\/de\/wp-content\/uploads\/2021\/03\/ISO-27001-300x162.jpg 300w\" sizes=\"(max-width: 306px) 100vw, 306px\" \/>\t\t\t\t\t\t\n\t\t\t\t\t<\/div>\n\t\t\t\t\t\t\t\t\n<style>\n#image_599767188 {\n  width: 100%;\n}\n<\/style>\n\t<\/div>\n\t\n\n\n\t\t<\/div>\n\t\t\n<style>\n#col-1584106137 > .col-inner {\n  border-radius: 10px;\n}\n<\/style>\n\t<\/div>\n\n\t\n\n\t<div id=\"col-1178915093\" class=\"col medium-4 small-12 large-4\"  data-animate=\"fadeInRight\">\n\t\t<div class=\"col-inner box-shadow-2 box-shadow-3-hover\"  >\n\t\t\t\n\t\t\t\n\n\t<div class=\"img has-hover x md-x lg-x y md-y lg-y\" id=\"image_891022399\">\n\t\t\t\t\t\t\t\t<div class=\"img-inner dark\" >\n\t\t\t<img width=\"306\" height=\"165\" src=\"https:\/\/simseksocks.com\/de\/wp-content\/uploads\/2021\/04\/45001.jpg\" class=\"attachment-original size-original\" alt=\"\" loading=\"lazy\" srcset=\"https:\/\/simseksocks.com\/de\/wp-content\/uploads\/2021\/04\/45001.jpg 306w, https:\/\/simseksocks.com\/de\/wp-content\/uploads\/2021\/04\/45001-300x162.jpg 300w\" sizes=\"(max-width: 306px) 100vw, 306px\" \/>\t\t\t\t\t\t\n\t\t\t\t\t<\/div>\n\t\t\t\t\t\t\t\t\n<style>\n#image_891022399 {\n  width: 100%;\n}\n<\/style>\n\t<\/div>\n\t\n\n\n\t\t<\/div>\n\t\t\n<style>\n#col-1178915093 > .col-inner {\n  border-radius: 10px;\n}\n<\/style>\n\t<\/div>\n\n\t\n\n\t<div id=\"col-1460795004\" class=\"col medium-4 small-12 large-4\"  data-animate=\"fadeInLeft\">\n\t\t<div class=\"col-inner box-shadow-2 box-shadow-3-hover\"  >\n\t\t\t\n\t\t\t\n\n\t<div class=\"img has-hover x md-x lg-x y md-y lg-y\" id=\"image_385539129\">\n\t\t\t\t\t\t\t\t<div class=\"img-inner dark\" >\n\t\t\t<img width=\"306\" height=\"165\" src=\"https:\/\/simseksocks.com\/de\/wp-content\/uploads\/2021\/04\/ISO-10002.jpg\" class=\"attachment-original size-original\" alt=\"\" loading=\"lazy\" srcset=\"https:\/\/simseksocks.com\/de\/wp-content\/uploads\/2021\/04\/ISO-10002.jpg 306w, https:\/\/simseksocks.com\/de\/wp-content\/uploads\/2021\/04\/ISO-10002-300x162.jpg 300w\" sizes=\"(max-width: 306px) 100vw, 306px\" \/>\t\t\t\t\t\t\n\t\t\t\t\t<\/div>\n\t\t\t\t\t\t\t\t\n<style>\n#image_385539129 {\n  width: 100%;\n}\n<\/style>\n\t<\/div>\n\t\n\n\n\t\t<\/div>\n\t\t\n<style>\n#col-1460795004 > .col-inner {\n  border-radius: 10px;\n}\n<\/style>\n\t<\/div>\n\n\t\n\n\t<div id=\"col-954808438\" class=\"col medium-4 small-12 large-4\"  data-animate=\"bounceIn\">\n\t\t<div class=\"col-inner box-shadow-2 box-shadow-3-hover\"  >\n\t\t\t\n\t\t\t\n\n\t<div class=\"img has-hover x md-x lg-x y md-y lg-y\" id=\"image_2105166056\">\n\t\t\t\t\t\t\t\t<div class=\"img-inner dark\" >\n\t\t\t<img width=\"306\" height=\"165\" src=\"https:\/\/simseksocks.com\/de\/wp-content\/uploads\/2021\/04\/ISO-26000.jpg\" class=\"attachment-original size-original\" alt=\"\" loading=\"lazy\" srcset=\"https:\/\/simseksocks.com\/de\/wp-content\/uploads\/2021\/04\/ISO-26000.jpg 306w, https:\/\/simseksocks.com\/de\/wp-content\/uploads\/2021\/04\/ISO-26000-300x162.jpg 300w\" sizes=\"(max-width: 306px) 100vw, 306px\" \/>\t\t\t\t\t\t\n\t\t\t\t\t<\/div>\n\t\t\t\t\t\t\t\t\n<style>\n#image_2105166056 {\n  width: 100%;\n}\n<\/style>\n\t<\/div>\n\t\n\n\n\t\t<\/div>\n\t\t\n<style>\n#col-954808438 > .col-inner {\n  border-radius: 10px;\n}\n<\/style>\n\t<\/div>\n\n\t\n\n\n<style>\n#row-314571991 > .col > .col-inner {\n  padding: 10px 0px 10px 0px;\n}\n<\/style>\n<\/div>\n\n","protected":false},"excerpt":{"rendered":"","protected":false},"author":1,"featured_media":0,"parent":0,"menu_order":0,"comment_status":"closed","ping_status":"closed","template":"page-blank.php","meta":[],"_links":{"self":[{"href":"https:\/\/simseksocks.com\/de\/wp-json\/wp\/v2\/pages\/169"}],"collection":[{"href":"https:\/\/simseksocks.com\/de\/wp-json\/wp\/v2\/pages"}],"about":[{"href":"https:\/\/simseksocks.com\/de\/wp-json\/wp\/v2\/types\/page"}],"author":[{"embeddable":true,"href":"https:\/\/simseksocks.com\/de\/wp-json\/wp\/v2\/users\/1"}],"replies":[{"embeddable":true,"href":"https:\/\/simseksocks.com\/de\/wp-json\/wp\/v2\/comments?post=169"}],"version-history":[{"count":19,"href":"https:\/\/simseksocks.com\/de\/wp-json\/wp\/v2\/pages\/169\/revisions"}],"predecessor-version":[{"id":498,"href":"https:\/\/simseksocks.com\/de\/wp-json\/wp\/v2\/pages\/169\/revisions\/498"}],"wp:attachment":[{"href":"https:\/\/simseksocks.com\/de\/wp-json\/wp\/v2\/media?parent=169"}],"curies":[{"name":"wp","href":"https:\/\/api.w.org\/{rel}","templated":true}]}}