{"id":116,"date":"2021-03-24T11:00:55","date_gmt":"2021-03-24T08:00:55","guid":{"rendered":"https:\/\/simseksocks.com\/en\/?page_id=116"},"modified":"2021-06-22T01:05:09","modified_gmt":"2021-06-21T22:05:09","slug":"contact-us","status":"publish","type":"page","link":"https:\/\/simseksocks.com\/en\/contact-us\/","title":{"rendered":"Contact Us"},"content":{"rendered":"\n\t<section class=\"section\" id=\"section_985947030\">\n\t\t<div class=\"bg section-bg fill bg-fill  bg-loaded\" >\n\n\t\t\t\n\t\t\t\n\t\t\t\n\n\t\t<\/div>\n\n\t\t<div class=\"section-content relative\">\n\t\t\t\n\n  <div id=\"page-header-427594073\" class=\"page-header-wrapper\">\n  <div class=\"page-title dark featured-title\">\n\n    \n    <div class=\"page-title-inner container align-center flex-row medium-flex-wrap\" >\n              <div class=\"title-wrapper flex-col text-left medium-text-center\">\n          <h1 class=\"entry-title mb-0\">\n            Contact Us          <\/h1>\n        <\/div>\n                    <div class=\"title-content flex-col flex-right text-right medium-text-center\">\n        <div class=\"title-share pt-half pb-half\"><div class=\"social-icons share-icons share-row relative\" ><a href=\"whatsapp:\/\/send?text=Contact%20Us - https:\/\/simseksocks.com\/en\/contact-us\/\" data-action=\"share\/whatsapp\/share\" class=\"icon button circle is-outline tooltip whatsapp show-for-medium\" title=\"Share on WhatsApp\"><i class=\"icon-whatsapp\"><\/i><\/a><a href=\"https:\/\/www.facebook.com\/sharer.php?u=https:\/\/simseksocks.com\/en\/contact-us\/\" data-label=\"Facebook\" onclick=\"window.open(this.href,this.title,'width=500,height=500,top=300px,left=300px');  return false;\" rel=\"noopener noreferrer nofollow\" target=\"_blank\" class=\"icon button circle is-outline tooltip facebook\" title=\"Facebook ile Payla\u015f\"><i class=\"icon-facebook\" ><\/i><\/a><a href=\"https:\/\/twitter.com\/share?url=https:\/\/simseksocks.com\/en\/contact-us\/\" onclick=\"window.open(this.href,this.title,'width=500,height=500,top=300px,left=300px');  return false;\" rel=\"noopener noreferrer nofollow\" target=\"_blank\" class=\"icon button circle is-outline tooltip twitter\" title=\"Twitter ile Payla\u015f\"><i class=\"icon-twitter\" ><\/i><\/a><a href=\"mailto:enteryour@addresshere.com?subject=Contact%20Us&amp;body=Check%20this%20out:%20https:\/\/simseksocks.com\/en\/contact-us\/\" rel=\"nofollow\" class=\"icon button circle is-outline tooltip email\" title=\"Arkada\u015f\u0131na Email \u0130le G\u00f6nder\"><i class=\"icon-envelop\" ><\/i><\/a><a href=\"https:\/\/pinterest.com\/pin\/create\/button\/?url=https:\/\/simseksocks.com\/en\/contact-us\/&amp;media=&amp;description=Contact%20Us\" onclick=\"window.open(this.href,this.title,'width=500,height=500,top=300px,left=300px');  return false;\" rel=\"noopener noreferrer nofollow\" target=\"_blank\" class=\"icon button circle is-outline tooltip pinterest\" title=\"Pinterest&rsquo; te \u0130\u011fnele\"><i class=\"icon-pinterest\" ><\/i><\/a><a href=\"https:\/\/www.linkedin.com\/shareArticle?mini=true&url=https:\/\/simseksocks.com\/en\/contact-us\/&title=Contact%20Us\" onclick=\"window.open(this.href,this.title,'width=500,height=500,top=300px,left=300px');  return false;\"  rel=\"noopener noreferrer nofollow\" target=\"_blank\" class=\"icon button circle is-outline tooltip linkedin\" title=\"Share on LinkedIn\"><i class=\"icon-linkedin\" ><\/i><\/a><\/div><\/div>      <\/div>\n    <\/div>\n\n       <\/div>\n    <\/div>\n  \n\n<div><iframe src=\"https:\/\/www.google.com\/maps\/embed?pb=!1m14!1m8!1m3!1d12033.68922453122!2d28.6357248!3d41.0597607!3m2!1i1024!2i768!4f13.1!3m3!1m2!1s0x0%3A0xc2b59a1c6bdf82a5!2zxZ5pbcWfZWsgw4dvcmFwIHZlIFRla3N0aWw!5e0!3m2!1str!2str!4v1616574615466!5m2!1str!2str\" width=\"100%\" height=\"450\" style=\"border:0;\" allowfullscreen=\"\" loading=\"lazy\"><\/iframe><\/div>\n\t<div id=\"gap-175553640\" class=\"gap-element clearfix\" style=\"display:block; height:auto;\">\n\t\t\n<style>\n#gap-175553640 {\n  padding-top: 40px;\n}\n<\/style>\n\t<\/div>\n\t\n\n<div class=\"row align-equal row-box-shadow-1\"  id=\"row-1985412452\">\n\n\n\t<div id=\"col-1008108542\" class=\"col medium-6 small-12 large-6\"  data-animate=\"fadeInLeft\">\n\t\t<div class=\"col-inner\" style=\"background-color:rgb(255, 255, 255);\" >\n\t\t\t\n\t\t\t\n\n<h4><span style=\"font-size: 90%; color: #272c3f;\">CONTACT INFORMATION<\/span><\/h4>\n<div class=\"is-divider divider clearfix\" style=\"margin-top:0.5em;margin-bottom:0.5em;max-width:100%;height:2px;background-color:rgb(7, 85, 164);\"><\/div>\n\n\n\t\t<div class=\"icon-box featured-box icon-box-left text-left\"  >\n\t\t\t\t\t<div class=\"icon-box-img has-icon-bg\" style=\"width: 50px\">\n\t\t\t\t<div class=\"icon\">\n\t\t\t\t\t<div class=\"icon-inner\" style=\"border-width:1px;color:rgb(0, 52, 102);\">\n\t\t\t\t\t\t<svg id=\"Layer_1\" height=\"512\" viewBox=\"0 0 128 128\" width=\"512\" xmlns=\"http:\/\/www.w3.org\/2000\/svg\" data-name=\"Layer 1\"><path d=\"m102.128 96.851 6.3 14.173a1.75 1.75 0 1 0 3.2-1.422l-6.3-14.173a1.75 1.75 0 1 0 -3.2 1.422z\"\/><path d=\"m123.1 120.649-17.69-39.811a1.75 1.75 0 0 0 -1.6-1.039h-19.979c5.388-8.669 10.107-17.799 12.947-26.148a43.164 43.164 0 0 0 2.657-13.466 35.436 35.436 0 1 0 -70.871 0 43.174 43.174 0 0 0 2.657 13.467c2.84 8.353 7.56 17.478 12.948 26.147h-19.979a1.75 1.75 0 0 0 -1.6 1.039l-17.69 39.811a1.75 1.75 0 0 0 1.6 2.461h115a1.75 1.75 0 0 0 1.6-2.461zm-91.036-80.463a31.936 31.936 0 1 1 63.871 0 39.8 39.8 0 0 1 -2.471 12.34c-3.041 8.945-8.311 18.822-14.24 28.026-.013.019-.025.039-.037.058a194.664 194.664 0 0 1 -15.187 20.526 194.667 194.667 0 0 1 -15.188-20.525c-.013-.02-.024-.04-.038-.059-5.929-9.2-11.2-19.081-14.239-28.025a39.812 39.812 0 0 1 -2.471-12.341zm-22.872 79.424 16.135-36.31h21.073a194.324 194.324 0 0 0 16.29 21.663 1.75 1.75 0 0 0 2.629 0 194.313 194.313 0 0 0 16.281-21.663h21.068l16.135 36.311z\"\/><path d=\"m64 58.775a18.592 18.592 0 1 0 -18.592-18.591 18.613 18.613 0 0 0 18.592 18.591zm0-33.684a15.092 15.092 0 1 1 -15.092 15.093 15.109 15.109 0 0 1 15.092-15.092z\"\/><\/svg>\t\t\t\t\t<\/div>\n\t\t\t\t<\/div>\n\t\t\t<\/div>\n\t\t\t\t<div class=\"icon-box-text last-reset\">\n\t\t\t\t\t\t\t\t\t\n\n<p>Ak\u00e7aburgaz, 3102. Sk, 34522 Esenyurt\/\u0130stanbul<\/p>\n\n\t\t<\/div>\n\t<\/div>\n\t\n\t\n\t<div id=\"gap-1003355387\" class=\"gap-element clearfix\" style=\"display:block; height:auto;\">\n\t\t\n<style>\n#gap-1003355387 {\n  padding-top: 20px;\n}\n<\/style>\n\t<\/div>\n\t\n\n\t<div id=\"gap-1669022072\" class=\"gap-element clearfix\" style=\"display:block; height:auto;\">\n\t\t\n<style>\n#gap-1669022072 {\n  padding-top: 20px;\n}\n<\/style>\n\t<\/div>\n\t\n\n\n\t\t<div class=\"icon-box featured-box icon-box-left text-left\"  >\n\t\t\t\t\t<div class=\"icon-box-img has-icon-bg\" style=\"width: 50px\">\n\t\t\t\t<div class=\"icon\">\n\t\t\t\t\t<div class=\"icon-inner\" style=\"border-width:1px;color:rgb(0, 52, 102);\">\n\t\t\t\t\t\t<?xml version=\"1.0\" encoding=\"iso-8859-1\"?>\r\n<!-- Generator: Adobe Illustrator 19.0.0, SVG Export Plug-In . SVG Version: 6.00 Build 0)  -->\r\n<svg version=\"1.1\" id=\"Capa_1\" xmlns=\"http:\/\/www.w3.org\/2000\/svg\" xmlns:xlink=\"http:\/\/www.w3.org\/1999\/xlink\" x=\"0px\" y=\"0px\"\r\n\t viewBox=\"0 0 512.076 512.076\" style=\"enable-background:new 0 0 512.076 512.076;\" xml:space=\"preserve\">\r\n<g>\r\n\t<g>\r\n\t\t<path d=\"M498.639,395.039l-19.891-13.252c44.859-78.9,44.358-175.706-1.315-254.137S347.813,1.005,257.052,1.08\r\n\t\t\tc-4.713,0-8.533,3.82-8.533,8.533s3.82,8.533,8.533,8.533c84.458-0.063,162.608,44.69,205.298,117.566\r\n\t\t\tc42.689,72.875,43.507,162.929,2.148,236.568l-69.538-46.362c-13.154-8.697-30.782-5.834-40.508,6.579l-30.157,38.818\r\n\t\t\tc-3.883,5.113-10.932,6.596-16.546,3.482l-5.743-3.166c-19.038-10.377-42.726-23.296-90.453-71.04s-60.672-71.45-71.049-90.453\r\n\t\t\tl-3.149-5.743c-3.161-5.612-1.705-12.695,3.413-16.606l38.792-30.182c12.412-9.725,15.279-27.351,6.588-40.508l-69.12-103.646\r\n\t\t\tC108.12,0.056,90.25-3.966,76.461,4.323L33.12,30.358C19.502,38.364,9.511,51.33,5.242,66.539\r\n\t\t\tc-15.607,56.866-3.866,155.008,140.706,299.597c62.976,62.976,117.12,100.693,162.901,122.027\r\n\t\t\tc-70.464,15.921-144.343-1.121-200.714-46.297c-56.371-45.177-89.096-113.57-88.907-185.809c0-4.713-3.82-8.533-8.533-8.533\r\n\t\t\ts-8.533,3.82-8.533,8.533c0.132,140.732,114.159,254.797,254.891,254.976c26.365,0.009,52.569-4.12,77.653-12.237\r\n\t\t\tc22.631,8.453,46.551,12.939,70.707,13.261c13.543,0.058,27.033-1.704,40.107-5.239c15.212-4.264,28.18-14.256,36.181-27.878\r\n\t\t\tl26.061-43.315C516.063,421.832,512.043,403.951,498.639,395.039z M493.092,426.842l-26.001,43.341\r\n\t\t\tc-5.749,9.849-15.089,17.088-26.061,20.198c-24.823,6.827-58.445,7.68-101.649-7.893c-0.685-0.384-1.421-0.671-2.185-0.853\r\n\t\t\tc-47.787-17.741-107.119-55.552-179.2-127.607C19.245,215.284,7.29,123.559,21.703,71.054\r\n\t\t\tc3.116-10.968,10.354-20.307,20.198-26.061l43.341-26.001c5.983-3.6,13.739-1.855,17.604,3.959l37.547,56.371l31.514,47.266\r\n\t\t\tc3.774,5.707,2.534,13.356-2.85,17.579l-38.801,30.182c-11.808,9.029-15.18,25.366-7.91,38.332l3.081,5.598\r\n\t\t\tc10.906,20.002,24.465,44.885,73.967,94.379c49.502,49.493,74.377,63.053,94.37,73.958l5.606,3.089\r\n\t\t\tc12.965,7.269,29.303,3.898,38.332-7.91l30.182-38.801c4.224-5.381,11.87-6.62,17.579-2.85l103.637,69.12\r\n\t\t\tC494.915,413.114,496.674,420.857,493.092,426.842z\"\/>\r\n\t<\/g>\r\n<\/g>\r\n<g>\r\n<\/g>\r\n<g>\r\n<\/g>\r\n<g>\r\n<\/g>\r\n<g>\r\n<\/g>\r\n<g>\r\n<\/g>\r\n<g>\r\n<\/g>\r\n<g>\r\n<\/g>\r\n<g>\r\n<\/g>\r\n<g>\r\n<\/g>\r\n<g>\r\n<\/g>\r\n<g>\r\n<\/g>\r\n<g>\r\n<\/g>\r\n<g>\r\n<\/g>\r\n<g>\r\n<\/g>\r\n<g>\r\n<\/g>\r\n<\/svg>\r\n\t\t\t\t\t<\/div>\n\t\t\t\t<\/div>\n\t\t\t<\/div>\n\t\t\t\t<div class=\"icon-box-text last-reset\">\n\t\t\t\t\t\t\t\t\t\n\n<p>+90 (212) 565 75 25<\/p>\n\n\t\t<\/div>\n\t<\/div>\n\t\n\t\n\t<div id=\"gap-750277525\" class=\"gap-element clearfix\" style=\"display:block; height:auto;\">\n\t\t\n<style>\n#gap-750277525 {\n  padding-top: 35px;\n}\n<\/style>\n\t<\/div>\n\t\n\n\n\t\t<div class=\"icon-box featured-box icon-box-left text-left\"  >\n\t\t\t\t\t<div class=\"icon-box-img has-icon-bg\" style=\"width: 50px\">\n\t\t\t\t<div class=\"icon\">\n\t\t\t\t\t<div class=\"icon-inner\" style=\"border-width:1px;color:rgb(0, 52, 102);\">\n\t\t\t\t\t\t<svg id=\"Capa_1\" enable-background=\"new 0 0 512 512\" height=\"512\" viewBox=\"0 0 512 512\" width=\"512\" xmlns=\"http:\/\/www.w3.org\/2000\/svg\"><g><g><path d=\"m217.094 365.438h-17.3c-4.142 0-7.5 3.358-7.5 7.5s3.358 7.5 7.5 7.5h17.3c4.142 0 7.5-3.358 7.5-7.5 0-4.143-3.358-7.5-7.5-7.5z\"\/><path d=\"m217.094 402.806h-17.3c-4.142 0-7.5 3.358-7.5 7.5s3.358 7.5 7.5 7.5h17.3c4.142 0 7.5-3.358 7.5-7.5s-3.358-7.5-7.5-7.5z\"\/><path d=\"m217.094 440.174h-17.3c-4.142 0-7.5 3.358-7.5 7.5s3.358 7.5 7.5 7.5h17.3c4.142 0 7.5-3.358 7.5-7.5s-3.358-7.5-7.5-7.5z\"\/><path d=\"m284.687 365.438h-17.3c-4.142 0-7.5 3.358-7.5 7.5s3.358 7.5 7.5 7.5h17.3c4.142 0 7.5-3.358 7.5-7.5 0-4.143-3.358-7.5-7.5-7.5z\"\/><path d=\"m284.687 402.806h-17.3c-4.142 0-7.5 3.358-7.5 7.5s3.358 7.5 7.5 7.5h17.3c4.142 0 7.5-3.358 7.5-7.5s-3.358-7.5-7.5-7.5z\"\/><path d=\"m284.687 440.174h-17.3c-4.142 0-7.5 3.358-7.5 7.5s3.358 7.5 7.5 7.5h17.3c4.142 0 7.5-3.358 7.5-7.5s-3.358-7.5-7.5-7.5z\"\/><path d=\"m352.279 365.438h-17.3c-4.142 0-7.5 3.358-7.5 7.5s3.358 7.5 7.5 7.5h17.3c4.142 0 7.5-3.358 7.5-7.5 0-4.143-3.358-7.5-7.5-7.5z\"\/><path d=\"m352.279 402.806h-17.3c-4.142 0-7.5 3.358-7.5 7.5s3.358 7.5 7.5 7.5h17.3c4.142 0 7.5-3.358 7.5-7.5s-3.358-7.5-7.5-7.5z\"\/><path d=\"m352.279 440.174h-17.3c-4.142 0-7.5 3.358-7.5 7.5s3.358 7.5 7.5 7.5h17.3c4.142 0 7.5-3.358 7.5-7.5s-3.358-7.5-7.5-7.5z\"\/><path d=\"m419.872 365.438h-17.3c-4.142 0-7.5 3.358-7.5 7.5s3.358 7.5 7.5 7.5h17.3c4.142 0 7.5-3.358 7.5-7.5 0-4.143-3.358-7.5-7.5-7.5z\"\/><path d=\"m419.872 402.806h-17.3c-4.142 0-7.5 3.358-7.5 7.5s3.358 7.5 7.5 7.5h17.3c4.142 0 7.5-3.358 7.5-7.5s-3.358-7.5-7.5-7.5z\"\/><path d=\"m419.872 440.174h-17.3c-4.142 0-7.5 3.358-7.5 7.5s3.358 7.5 7.5 7.5h17.3c4.142 0 7.5-3.358 7.5-7.5s-3.358-7.5-7.5-7.5z\"\/><path d=\"m445.127 319.922v-38.894c0-10.921-8.885-19.806-19.807-19.806h-226.68c-10.921 0-19.807 8.885-19.807 19.806v38.894c0 10.921 8.885 19.807 19.807 19.807h226.681c10.921 0 19.806-8.886 19.806-19.807zm-15 0c0 2.65-2.156 4.807-4.807 4.807h-226.68c-2.65 0-4.807-2.156-4.807-4.807v-38.894c0-2.65 2.156-4.806 4.807-4.806h226.681c2.65 0 4.807 2.156 4.807 4.806v38.894z\"\/><path d=\"m504.5 400.274c4.142 0 7.5-3.358 7.5-7.5v-184.366c0-12.851-7.627-23.948-18.588-29.021v-22.261c0-12.015-9.774-21.789-21.789-21.789h-12.295v-54.209c0-7.941-3.092-15.406-8.707-21.021l-51.318-51.317c-5.615-5.615-13.08-8.707-21.021-8.707h-183.921c-16.392 0-29.728 13.336-29.728 29.728v35.147c0 4.142 3.358 7.5 7.5 7.5s7.5-3.358 7.5-7.5v-35.147c0-8.121 6.607-14.728 14.728-14.728h183.134v46.657c0 11.125 9.051 20.176 20.176 20.176h46.657v141.396c0 3.101-2.522 5.624-5.624 5.624h-253.448c-3.101 0-5.624-2.523-5.624-5.624v-123.291c0-4.142-3.358-7.5-7.5-7.5s-7.5 3.358-7.5 7.5v35.316h-12.295c-6.905 0-13.065 3.232-17.06 8.259-7.361-8.207-18.038-13.383-29.905-13.383h-25.36c-22.153 0-40.176 18.023-40.176 40.176v6.053h-7.871c-17.625 0-31.965 14.34-31.965 31.966v271.543c0 17.626 14.34 31.966 31.966 31.966h448.068c17.626 0 31.966-14.34 31.966-31.966v-52.114c0-4.142-3.358-7.5-7.5-7.5s-7.5 3.358-7.5 7.5v52.114c0 9.355-7.611 16.966-16.966 16.966h-448.068c-9.355 0-16.966-7.611-16.966-16.966v-271.543c0-9.355 7.611-16.966 16.966-16.966h7.871v11.469c0 14.609 5.197 17.969 5.197 29.583v131.53c0 11.916-5.197 14.586-5.197 29.583v32.522c0 22.153 18.023 40.176 40.176 40.176h25.36c22.153 0 40.176-18.023 40.176-40.176v-32.522c0-14.609-5.197-17.969-5.197-29.583v-131.53c0-11.916 5.197-14.586 5.197-29.583v-11.469h19.084v31.871c0 11.372 9.251 20.624 20.624 20.624h253.448c11.372 0 20.624-9.251 20.624-20.624v-31.871h20.707c9.178 0 16.966 7.461 16.966 16.966v184.367c-.002 4.142 3.356 7.499 7.498 7.499zm-106.83-333.357c-2.854 0-5.176-2.322-5.176-5.176v-38.547l43.722 43.722h-38.546zm-267.121 135.994c0 11.916-5.197 14.586-5.197 29.583v131.53c0 14.609 5.197 17.969 5.197 29.583v32.522c0 13.882-11.294 25.176-25.176 25.176h-25.36c-13.882 0-25.176-11.294-25.176-25.176v-32.522c0-11.916 5.197-14.586 5.197-29.583v-131.53c0-14.608-5.197-17.97-5.197-29.583v-32.522c0-13.882 11.294-25.176 25.176-25.176h25.36c13.882 0 25.176 11.294 25.176 25.176zm34.084-26.469h-19.084c0-10.832 0-8.517 0-19.316 0-3.744 3.045-6.789 6.789-6.789h12.295zm313.779 0h-19.084v-26.105h12.295c3.743 0 6.789 3.045 6.789 6.789z\"\/><\/g><\/g><\/svg>\t\t\t\t\t<\/div>\n\t\t\t\t<\/div>\n\t\t\t<\/div>\n\t\t\t\t<div class=\"icon-box-text last-reset\">\n\t\t\t\t\t\t\t\t\t\n\n<p>+90 (212) 493 35 81<\/p>\n\n\t\t<\/div>\n\t<\/div>\n\t\n\t\n\t<div id=\"gap-742947742\" class=\"gap-element clearfix\" style=\"display:block; height:auto;\">\n\t\t\n<style>\n#gap-742947742 {\n  padding-top: 35px;\n}\n<\/style>\n\t<\/div>\n\t\n\n\n\t\t<div class=\"icon-box featured-box icon-box-left text-left\"  >\n\t\t\t\t\t<div class=\"icon-box-img has-icon-bg\" style=\"width: 50px\">\n\t\t\t\t<div class=\"icon\">\n\t\t\t\t\t<div class=\"icon-inner\" style=\"border-width:1px;color:rgb(0, 52, 102);\">\n\t\t\t\t\t\t<svg id=\"Capa_1\" enable-background=\"new 0 0 512.022 512.022\" height=\"512\" viewBox=\"0 0 512.022 512.022\" width=\"512\" xmlns=\"http:\/\/www.w3.org\/2000\/svg\"><g><path d=\"m158.526 176.135c.475 25.361 10.737 49.25 28.897 67.265 18.159 18.014 42.129 28.087 67.495 28.365 11.825.131 23.461-1.844 34.484-5.866 3.892-1.418 5.896-5.723 4.478-9.614s-5.723-5.898-9.614-4.478c-9.326 3.399-19.117 5.08-29.184 4.958-44.146-.483-80.733-36.78-81.561-80.971-.599-22.455 8.518-44.538 25.01-60.587 16.498-16.053 38.831-24.555 61.324-23.35 42.998 1.948 77.534 37.205 78.625 80.266.255 10.038-1.268 19.879-4.524 29.247-2.163 6.221-8.097 10.4-14.768 10.4-.001 0-.002 0-.002 0-8.645 0-15.678-7.033-15.678-15.679v-61.821c0-4.143-3.357-7.5-7.5-7.5s-7.5 3.357-7.5 7.5v5.406c-8.504-7.994-19.936-12.906-32.5-12.906-26.191 0-47.5 21.309-47.5 47.5s21.309 47.5 47.5 47.5c13.563 0 25.807-5.724 34.471-14.871 4.381 11.599 15.593 19.872 28.706 19.872h.003c13.05 0 24.679-8.229 28.936-20.475 3.853-11.079 5.652-22.704 5.353-34.554-1.29-50.895-42.115-92.566-92.877-94.866-26.598-1.438-53.039 8.615-72.528 27.581-19.486 18.96-30.254 45.108-29.546 71.678zm97.483 30.635c-17.921 0-32.5-14.579-32.5-32.5s14.579-32.5 32.5-32.5 32.5 14.579 32.5 32.5-14.579 32.5-32.5 32.5z\"\/><path d=\"m509.119 199.12-210.28-164.308c-24.322-19.003-58.375-19.104-82.809-.242l-213.094 164.51c-1.828 1.399-2.939 3.648-2.935 5.95v66c0 4.143 3.357 7.5 7.5 7.5s7.5-3.357 7.5-7.5v-53.22l188.602 105.354-188.602 145.601v-162.735c0-4.143-3.357-7.5-7.5-7.5s-7.5 3.357-7.5 7.5v178c-.066 4.026 3.471 7.57 7.5 7.5h497c4.001.054 7.584-3.477 7.5-7.5v-278.114c.18-2.574-.803-5.206-2.882-6.796zm-479.63 277.41 195.708-151.087c19.004-14.67 45.489-14.594 64.406.189l3.612 2.822c.003.002 94.023 73.466 94.03 73.472 3.266 2.55 7.977 1.973 10.528-1.292 2.55-3.265 1.972-7.978-1.292-10.528l-85.229-66.595 46.113-25.979c3.608-2.033 4.886-6.606 2.853-10.216-2.032-3.609-6.604-4.883-10.216-2.853l-51.562 29.049c-24.131-18.571-57.647-18.694-81.911-.31l-195.45-109.18 204.119-157.58c19.004-14.67 45.489-14.593 64.406.189l202.162 157.964-112.14 63.177c-3.608 2.033-4.886 6.606-2.853 10.216 2.045 3.643 6.673 4.866 10.216 2.853l110.013-61.979v249.788l-73.729-57.61c-3.264-2.549-7.977-1.973-10.528 1.292-2.55 3.265-1.972 7.978 1.292 10.528l68.685 53.669h-453.233z\"\/><\/g><\/svg>\t\t\t\t\t<\/div>\n\t\t\t\t<\/div>\n\t\t\t<\/div>\n\t\t\t\t<div class=\"icon-box-text last-reset\">\n\t\t\t\t\t\t\t\t\t\n\n<p>info@simseksocks.com<\/p>\n\n\t\t<\/div>\n\t<\/div>\n\t\n\t\n\t<div id=\"gap-513340777\" class=\"gap-element clearfix\" style=\"display:block; height:auto;\">\n\t\t\n<style>\n#gap-513340777 {\n  padding-top: 45px;\n}\n<\/style>\n\t<\/div>\n\t\n\n<h4><span style=\"font-size: 90%; color: #272c3f;\">SOCIAL MEDIA<\/span><\/h4>\n<div class=\"is-divider divider clearfix\" style=\"margin-top:0.5em;margin-bottom:0.5em;max-width:100%;height:2px;background-color:rgb(7, 85, 164);\"><\/div>\n\n<div class=\"social-icons follow-icons\" style=\"font-size:120%\"><a href=\"https:\/\/www.facebook.com\/simseksocks\/\" target=\"_blank\" data-label=\"Facebook\"  rel=\"noopener noreferrer nofollow\" class=\"icon plain facebook tooltip\" title=\"Facebook' ta Takip Edin\"><i class=\"icon-facebook\" ><\/i><\/a><a href=\"https:\/\/www.instagram.com\/simseksocks\/\" target=\"_blank\" rel=\"noopener noreferrer nofollow\" data-label=\"Instagram\" class=\"icon plain  instagram tooltip\" title=\"Instagram' da Takip Edin\"><i class=\"icon-instagram\" ><\/i><\/a><a href=\"https:\/\/twitter.com\/SimsekSocks\" target=\"_blank\"  data-label=\"Twitter\"  rel=\"noopener noreferrer nofollow\" class=\"icon plain  twitter tooltip\" title=\"Twitter' da Takip Edin\"><i class=\"icon-twitter\" ><\/i><\/a><a href=\"https:\/\/www.pinterest.com\/simseksocks\" target=\"_blank\" rel=\"noopener noreferrer nofollow\"  data-label=\"Pinterest\"  class=\"icon plain  pinterest tooltip\" title=\"Pinterest' te Takip Edin\"><i class=\"icon-pinterest\" ><\/i><\/a><\/div>\n\n\n\t\t<\/div>\n\t\t\n<style>\n#col-1008108542 > .col-inner {\n  border-radius: 4px;\n}\n<\/style>\n\t<\/div>\n\n\t\n\n\t<div id=\"col-446265509\" class=\"col medium-6 small-12 large-6\"  data-animate=\"fadeInRight\">\n\t\t<div class=\"col-inner\" style=\"background-color:rgb(255, 255, 255);\" >\n\t\t\t\n\t\t\t\n\n<h4><span style=\"font-size: 90%; color: #272c3f;\">CONTACT FORM<\/span><\/h4>\n<div class=\"is-divider divider clearfix\" style=\"margin-top:0.5em;margin-bottom:0.5em;max-width:100%;height:2px;background-color:rgb(7, 85, 164);\"><\/div>\n\n\t<div id=\"gap-249382899\" class=\"gap-element clearfix\" style=\"display:block; height:auto;\">\n\t\t\n<style>\n#gap-249382899 {\n  padding-top: 15px;\n}\n<\/style>\n\t<\/div>\n\t\n\n<div role=\"form\" class=\"wpcf7\" id=\"wpcf7-f28-o1\" lang=\"tr-TR\" dir=\"ltr\">\n<div class=\"screen-reader-response\"><p role=\"status\" aria-live=\"polite\" aria-atomic=\"true\"><\/p> <ul><\/ul><\/div>\n<form action=\"\/en\/wp-json\/wp\/v2\/pages\/116#wpcf7-f28-o1\" method=\"post\" class=\"wpcf7-form init\" novalidate=\"novalidate\" data-status=\"init\">\n<div style=\"display: none;\">\n<input type=\"hidden\" name=\"_wpcf7\" value=\"28\" \/>\n<input type=\"hidden\" name=\"_wpcf7_version\" value=\"5.4.1\" \/>\n<input type=\"hidden\" name=\"_wpcf7_locale\" value=\"tr_TR\" \/>\n<input type=\"hidden\" name=\"_wpcf7_unit_tag\" value=\"wpcf7-f28-o1\" \/>\n<input type=\"hidden\" name=\"_wpcf7_container_post\" value=\"0\" \/>\n<input type=\"hidden\" name=\"_wpcf7_posted_data_hash\" value=\"\" \/>\n<\/div>\n<p><label> Name and Lastname<br \/>\n    <span class=\"wpcf7-form-control-wrap your-name\"><input type=\"text\" name=\"your-name\" value=\"\" size=\"40\" class=\"wpcf7-form-control wpcf7-text wpcf7-validates-as-required\" aria-required=\"true\" aria-invalid=\"false\" \/><\/span> <\/label><\/p>\n<p><label> E-Mail<br \/>\n    <span class=\"wpcf7-form-control-wrap your-email\"><input type=\"email\" name=\"your-email\" value=\"\" size=\"40\" class=\"wpcf7-form-control wpcf7-text wpcf7-email wpcf7-validates-as-required wpcf7-validates-as-email\" aria-required=\"true\" aria-invalid=\"false\" \/><\/span> <\/label><\/p>\n<p><label> Note<br \/>\n    <span class=\"wpcf7-form-control-wrap your-message\"><textarea name=\"your-message\" cols=\"40\" rows=\"10\" class=\"wpcf7-form-control wpcf7-textarea\" aria-invalid=\"false\"><\/textarea><\/span> <\/label><\/p>\n<p><input type=\"submit\" value=\"SEND\" class=\"wpcf7-form-control wpcf7-submit\" \/><\/p>\n<div class=\"wpcf7-response-output\" aria-hidden=\"true\"><\/div><\/form><\/div>\n\n\n\t\t<\/div>\n\t\t\n<style>\n#col-446265509 > .col-inner {\n  border-radius: 4px;\n}\n<\/style>\n\t<\/div>\n\n\t\n\n\n<style>\n#row-1985412452 > .col > .col-inner {\n  padding: 40px 30px 30px 30px;\n}\n<\/style>\n<\/div>\n\n\t\t<\/div>\n\n\t\t\n<style>\n#section_985947030 {\n  padding-top: 0px;\n  padding-bottom: 0px;\n}\n<\/style>\n\t<\/section>\n\t\n\n","protected":false},"excerpt":{"rendered":"","protected":false},"author":1,"featured_media":0,"parent":0,"menu_order":0,"comment_status":"closed","ping_status":"closed","template":"page-blank.php","meta":[],"_links":{"self":[{"href":"https:\/\/simseksocks.com\/en\/wp-json\/wp\/v2\/pages\/116"}],"collection":[{"href":"https:\/\/simseksocks.com\/en\/wp-json\/wp\/v2\/pages"}],"about":[{"href":"https:\/\/simseksocks.com\/en\/wp-json\/wp\/v2\/types\/page"}],"author":[{"embeddable":true,"href":"https:\/\/simseksocks.com\/en\/wp-json\/wp\/v2\/users\/1"}],"replies":[{"embeddable":true,"href":"https:\/\/simseksocks.com\/en\/wp-json\/wp\/v2\/comments?post=116"}],"version-history":[{"count":20,"href":"https:\/\/simseksocks.com\/en\/wp-json\/wp\/v2\/pages\/116\/revisions"}],"predecessor-version":[{"id":494,"href":"https:\/\/simseksocks.com\/en\/wp-json\/wp\/v2\/pages\/116\/revisions\/494"}],"wp:attachment":[{"href":"https:\/\/simseksocks.com\/en\/wp-json\/wp\/v2\/media?parent=116"}],"curies":[{"name":"wp","href":"https:\/\/api.w.org\/{rel}","templated":true}]}}