{"id":137,"date":"2021-03-24T12:25:35","date_gmt":"2021-03-24T09:25:35","guid":{"rendered":"https:\/\/simseksocks.com\/en\/?page_id=137"},"modified":"2021-06-22T01:01:37","modified_gmt":"2021-06-21T22:01:37","slug":"about-us","status":"publish","type":"page","link":"https:\/\/simseksocks.com\/en\/about-us\/","title":{"rendered":"About Us"},"content":{"rendered":"\n  <div id=\"page-header-922179396\" class=\"page-header-wrapper\">\n  <div class=\"page-title dark featured-title\">\n\n    \n    <div class=\"page-title-inner container align-center flex-row medium-flex-wrap\" >\n              <div class=\"title-wrapper flex-col text-left medium-text-center\">\n          <h1 class=\"entry-title mb-0\">\n            About Us          <\/h1>\n        <\/div>\n                    <div class=\"title-content flex-col flex-right text-right medium-text-center\">\n        <div class=\"title-share pt-half pb-half\"><div class=\"social-icons share-icons share-row relative\" ><a href=\"whatsapp:\/\/send?text=About%20Us - https:\/\/simseksocks.com\/en\/about-us\/\" data-action=\"share\/whatsapp\/share\" class=\"icon button circle is-outline tooltip whatsapp show-for-medium\" title=\"Share on WhatsApp\"><i class=\"icon-whatsapp\"><\/i><\/a><a href=\"https:\/\/www.facebook.com\/sharer.php?u=https:\/\/simseksocks.com\/en\/about-us\/\" data-label=\"Facebook\" onclick=\"window.open(this.href,this.title,'width=500,height=500,top=300px,left=300px');  return false;\" rel=\"noopener noreferrer nofollow\" target=\"_blank\" class=\"icon button circle is-outline tooltip facebook\" title=\"Facebook ile Payla\u015f\"><i class=\"icon-facebook\" ><\/i><\/a><a href=\"https:\/\/twitter.com\/share?url=https:\/\/simseksocks.com\/en\/about-us\/\" onclick=\"window.open(this.href,this.title,'width=500,height=500,top=300px,left=300px');  return false;\" rel=\"noopener noreferrer nofollow\" target=\"_blank\" class=\"icon button circle is-outline tooltip twitter\" title=\"Twitter ile Payla\u015f\"><i class=\"icon-twitter\" ><\/i><\/a><a href=\"mailto:enteryour@addresshere.com?subject=About%20Us&amp;body=Check%20this%20out:%20https:\/\/simseksocks.com\/en\/about-us\/\" rel=\"nofollow\" class=\"icon button circle is-outline tooltip email\" title=\"Arkada\u015f\u0131na Email \u0130le G\u00f6nder\"><i class=\"icon-envelop\" ><\/i><\/a><a href=\"https:\/\/pinterest.com\/pin\/create\/button\/?url=https:\/\/simseksocks.com\/en\/about-us\/&amp;media=&amp;description=About%20Us\" onclick=\"window.open(this.href,this.title,'width=500,height=500,top=300px,left=300px');  return false;\" rel=\"noopener noreferrer nofollow\" target=\"_blank\" class=\"icon button circle is-outline tooltip pinterest\" title=\"Pinterest&rsquo; te \u0130\u011fnele\"><i class=\"icon-pinterest\" ><\/i><\/a><a href=\"https:\/\/www.linkedin.com\/shareArticle?mini=true&url=https:\/\/simseksocks.com\/en\/about-us\/&title=About%20Us\" onclick=\"window.open(this.href,this.title,'width=500,height=500,top=300px,left=300px');  return false;\"  rel=\"noopener noreferrer nofollow\" target=\"_blank\" class=\"icon button circle is-outline tooltip linkedin\" title=\"Share on LinkedIn\"><i class=\"icon-linkedin\" ><\/i><\/a><\/div><\/div>      <\/div>\n    <\/div>\n\n       <\/div>\n    <\/div>\n  \n\n\t<section class=\"section\" id=\"section_70552631\">\n\t\t<div class=\"bg section-bg fill bg-fill  bg-loaded\" >\n\n\t\t\t\n\t\t\t\n\t\t\t\n\n\t\t<\/div>\n\n\t\t<div class=\"section-content relative\">\n\t\t\t\n\n<div class=\"row row-small\"  id=\"row-330366232\">\n\n\n\t<div id=\"col-1361135362\" class=\"col small-12 large-12\"  data-animate=\"bounceInUp\">\n\t\t<div class=\"col-inner\"  >\n\t\t\t\n\t\t\t\n\n\n\t\t<div class=\"tabbed-content\">\n\t\t\t\n\t\t\t<ul class=\"nav nav-tabs nav-vertical nav-normal nav-size-normal nav-left\"><li class=\"tab active has-icon\"><a href=\"#tab_about-us\"><span>About Us<\/span><\/a><\/li>\n<li class=\"tab has-icon\"><a href=\"#tab_mission\"><span>Mission<\/span><\/a><\/li>\n<li class=\"tab has-icon\"><a href=\"#tab_vision\"><span>Vision<\/span><\/a><\/li><\/ul><div class=\"tab-panels\"><div class=\"panel active entry-content\" id=\"tab_about-us\">\n\n\t<div id=\"gap-543110987\" class=\"gap-element clearfix\" style=\"display:block; height:auto;\">\n\t\t\n<style>\n#gap-543110987 {\n  padding-top: 21px;\n}\n<\/style>\n\t<\/div>\n\t\n\n\t<div class=\"img has-hover x md-x lg-x y md-y lg-y\" id=\"image_1814316787\">\n\t\t\t\t\t\t\t\t<div class=\"img-inner dark\" >\n\t\t\t<img width=\"750\" height=\"250\" src=\"https:\/\/simseksocks.com\/en\/wp-content\/uploads\/2021\/04\/Hakkimizda-Banner.jpg\" class=\"attachment-original size-original\" alt=\"\" loading=\"lazy\" srcset=\"https:\/\/simseksocks.com\/en\/wp-content\/uploads\/2021\/04\/Hakkimizda-Banner.jpg 750w, https:\/\/simseksocks.com\/en\/wp-content\/uploads\/2021\/04\/Hakkimizda-Banner-300x100.jpg 300w\" sizes=\"(max-width: 750px) 100vw, 750px\" \/>\t\t\t\t\t\t\n\t\t\t\t\t<\/div>\n\t\t\t\t\t\t\t\t\n<style>\n#image_1814316787 {\n  width: 100%;\n}\n<\/style>\n\t<\/div>\n\t\n\n\t<div id=\"gap-1937070841\" class=\"gap-element clearfix\" style=\"display:block; height:auto;\">\n\t\t\n<style>\n#gap-1937070841 {\n  padding-top: 21px;\n}\n<\/style>\n\t<\/div>\n\t\n\n<h1>About us<\/h1>\n<p>\u015eim\u015fek Socks Factory is located in Istanbul-Esenyurt and is one of the important Hosiery Manufacturers of Turkey, which produces from baby to male bodies.<\/p>\n<p>Our company, which has about 30 years of experience in the sector, has started to export its products since 1998 and today exports all of its production capacity, which is 30 million pairs per year, abroad. Knitting, nose sewing, washing, ironing and packaging are all done in our 7000m2 factory with the latest technology machines.<\/p>\n<p>Although we usually use carded and combed cotton yarn in our products, we produce wool, acrylic, polyester and many other raw materials in accordance with the demands of our customers.<\/p>\n<p>Our company works with important market chains in Europe and also works with licensed companies and some large wholesale companies. It is subject to audit programs such as BSCI and Sedex by independent audit companies in order to maintain the social and technical compliance that our customers seek.<\/p>\n<p>As a company, our primary goal is to grow further and provide mutual benefit with our customers. We are ready to provide the best possible service according to the demands of our customers.<\/p>\n\n<\/div>\n<div class=\"panel entry-content\" id=\"tab_mission\">\n\n\t<div id=\"gap-1240155609\" class=\"gap-element clearfix\" style=\"display:block; height:auto;\">\n\t\t\n<style>\n#gap-1240155609 {\n  padding-top: 21px;\n}\n<\/style>\n\t<\/div>\n\t\n\n\t<div class=\"img has-hover x md-x lg-x y md-y lg-y\" id=\"image_174402208\">\n\t\t\t\t\t\t\t\t<div class=\"img-inner dark\" >\n\t\t\t<img width=\"750\" height=\"250\" src=\"https:\/\/simseksocks.com\/en\/wp-content\/uploads\/2021\/04\/vizyonumuz-tr.jpg\" class=\"attachment-large size-large\" alt=\"\" loading=\"lazy\" srcset=\"https:\/\/simseksocks.com\/en\/wp-content\/uploads\/2021\/04\/vizyonumuz-tr.jpg 750w, https:\/\/simseksocks.com\/en\/wp-content\/uploads\/2021\/04\/vizyonumuz-tr-300x100.jpg 300w\" sizes=\"(max-width: 750px) 100vw, 750px\" \/>\t\t\t\t\t\t\n\t\t\t\t\t<\/div>\n\t\t\t\t\t\t\t\t\n<style>\n#image_174402208 {\n  width: 100%;\n}\n<\/style>\n\t<\/div>\n\t\n\n\t<div id=\"gap-335459371\" class=\"gap-element clearfix\" style=\"display:block; height:auto;\">\n\t\t\n<style>\n#gap-335459371 {\n  padding-top: 21px;\n}\n<\/style>\n\t<\/div>\n\t\n\n<h1>Mission<\/h1>\n<p>Customer satisfaction is always to provide the fastest and best service with a focused understanding.<\/p>\n\n<\/div>\n<div class=\"panel entry-content\" id=\"tab_vision\">\n\n\t<div id=\"gap-1456471620\" class=\"gap-element clearfix\" style=\"display:block; height:auto;\">\n\t\t\n<style>\n#gap-1456471620 {\n  padding-top: 21px;\n}\n<\/style>\n\t<\/div>\n\t\n\n\t<div class=\"img has-hover x md-x lg-x y md-y lg-y\" id=\"image_22136195\">\n\t\t\t\t\t\t\t\t<div class=\"img-inner dark\" >\n\t\t\t<img width=\"750\" height=\"250\" src=\"https:\/\/simseksocks.com\/en\/wp-content\/uploads\/2021\/04\/Vizyon-1.jpg\" class=\"attachment-original size-original\" alt=\"\" loading=\"lazy\" srcset=\"https:\/\/simseksocks.com\/en\/wp-content\/uploads\/2021\/04\/Vizyon-1.jpg 750w, https:\/\/simseksocks.com\/en\/wp-content\/uploads\/2021\/04\/Vizyon-1-300x100.jpg 300w\" sizes=\"(max-width: 750px) 100vw, 750px\" \/>\t\t\t\t\t\t\n\t\t\t\t\t<\/div>\n\t\t\t\t\t\t\t\t\n<style>\n#image_22136195 {\n  width: 100%;\n}\n<\/style>\n\t<\/div>\n\t\n\n\t<div id=\"gap-1398040101\" class=\"gap-element clearfix\" style=\"display:block; height:auto;\">\n\t\t\n<style>\n#gap-1398040101 {\n  padding-top: 21px;\n}\n<\/style>\n\t<\/div>\n\t\n\n<h1>Vision:<\/h1>\n<p>Our factory, sensitive to Environment and human health is always one of the important sock manufacturers of our country by investing in the latest technology and contributing to the country&#8217;s economy.<\/p>\n\n<\/div><\/div><\/div>\n\n\t\t<\/div>\n\t\t\t<\/div>\n\n\t\n\n<\/div>\n\n\t\t<\/div>\n\n\t\t\n<style>\n#section_70552631 {\n  padding-top: 30px;\n  padding-bottom: 30px;\n}\n<\/style>\n\t<\/section>\n\t\n\n","protected":false},"excerpt":{"rendered":"","protected":false},"author":1,"featured_media":0,"parent":0,"menu_order":0,"comment_status":"closed","ping_status":"closed","template":"page-blank.php","meta":[],"_links":{"self":[{"href":"https:\/\/simseksocks.com\/en\/wp-json\/wp\/v2\/pages\/137"}],"collection":[{"href":"https:\/\/simseksocks.com\/en\/wp-json\/wp\/v2\/pages"}],"about":[{"href":"https:\/\/simseksocks.com\/en\/wp-json\/wp\/v2\/types\/page"}],"author":[{"embeddable":true,"href":"https:\/\/simseksocks.com\/en\/wp-json\/wp\/v2\/users\/1"}],"replies":[{"embeddable":true,"href":"https:\/\/simseksocks.com\/en\/wp-json\/wp\/v2\/comments?post=137"}],"version-history":[{"count":21,"href":"https:\/\/simseksocks.com\/en\/wp-json\/wp\/v2\/pages\/137\/revisions"}],"predecessor-version":[{"id":492,"href":"https:\/\/simseksocks.com\/en\/wp-json\/wp\/v2\/pages\/137\/revisions\/492"}],"wp:attachment":[{"href":"https:\/\/simseksocks.com\/en\/wp-json\/wp\/v2\/media?parent=137"}],"curies":[{"name":"wp","href":"https:\/\/api.w.org\/{rel}","templated":true}]}}