{"id":169,"date":"2021-03-24T13:08:46","date_gmt":"2021-03-24T10:08:46","guid":{"rendered":"https:\/\/simseksocks.com\/en\/?page_id=169"},"modified":"2021-06-22T00:45:48","modified_gmt":"2021-06-21T21:45:48","slug":"certificates","status":"publish","type":"page","link":"https:\/\/simseksocks.com\/en\/certificates\/","title":{"rendered":"Certificates"},"content":{"rendered":"\n  <div id=\"page-header-1945292845\" class=\"page-header-wrapper\">\n  <div class=\"page-title dark featured-title\">\n\n    \n    <div class=\"page-title-inner container align-center flex-row medium-flex-wrap\" >\n              <div class=\"title-wrapper flex-col text-left medium-text-center\">\n          <h1 class=\"entry-title mb-0\">\n            Certificates          <\/h1>\n        <\/div>\n                    <div class=\"title-content flex-col flex-right text-right medium-text-center\">\n        <div class=\"title-share pt-half pb-half\"><div class=\"social-icons share-icons share-row relative\" ><a href=\"whatsapp:\/\/send?text=Certificates - https:\/\/simseksocks.com\/en\/certificates\/\" data-action=\"share\/whatsapp\/share\" class=\"icon button circle is-outline tooltip whatsapp show-for-medium\" title=\"Share on WhatsApp\"><i class=\"icon-whatsapp\"><\/i><\/a><a href=\"https:\/\/www.facebook.com\/sharer.php?u=https:\/\/simseksocks.com\/en\/certificates\/\" data-label=\"Facebook\" onclick=\"window.open(this.href,this.title,'width=500,height=500,top=300px,left=300px');  return false;\" rel=\"noopener noreferrer nofollow\" target=\"_blank\" class=\"icon button circle is-outline tooltip facebook\" title=\"Facebook ile Payla\u015f\"><i class=\"icon-facebook\" ><\/i><\/a><a href=\"https:\/\/twitter.com\/share?url=https:\/\/simseksocks.com\/en\/certificates\/\" onclick=\"window.open(this.href,this.title,'width=500,height=500,top=300px,left=300px');  return false;\" rel=\"noopener noreferrer nofollow\" target=\"_blank\" class=\"icon button circle is-outline tooltip twitter\" title=\"Twitter ile Payla\u015f\"><i class=\"icon-twitter\" ><\/i><\/a><a href=\"mailto:enteryour@addresshere.com?subject=Certificates&amp;body=Check%20this%20out:%20https:\/\/simseksocks.com\/en\/certificates\/\" rel=\"nofollow\" class=\"icon button circle is-outline tooltip email\" title=\"Arkada\u015f\u0131na Email \u0130le G\u00f6nder\"><i class=\"icon-envelop\" ><\/i><\/a><a href=\"https:\/\/pinterest.com\/pin\/create\/button\/?url=https:\/\/simseksocks.com\/en\/certificates\/&amp;media=&amp;description=Certificates\" onclick=\"window.open(this.href,this.title,'width=500,height=500,top=300px,left=300px');  return false;\" rel=\"noopener noreferrer nofollow\" target=\"_blank\" class=\"icon button circle is-outline tooltip pinterest\" title=\"Pinterest&rsquo; te \u0130\u011fnele\"><i class=\"icon-pinterest\" ><\/i><\/a><a href=\"https:\/\/www.linkedin.com\/shareArticle?mini=true&url=https:\/\/simseksocks.com\/en\/certificates\/&title=Certificates\" onclick=\"window.open(this.href,this.title,'width=500,height=500,top=300px,left=300px');  return false;\"  rel=\"noopener noreferrer nofollow\" target=\"_blank\" class=\"icon button circle is-outline tooltip linkedin\" title=\"Share on LinkedIn\"><i class=\"icon-linkedin\" ><\/i><\/a><\/div><\/div>      <\/div>\n    <\/div>\n\n       <\/div>\n    <\/div>\n  \n\n\t<div id=\"gap-1419133921\" class=\"gap-element clearfix\" style=\"display:block; height:auto;\">\n\t\t\n<style>\n#gap-1419133921 {\n  padding-top: 30px;\n}\n<\/style>\n\t<\/div>\n\t\n\n<div class=\"row\"  id=\"row-128205090\">\n\n\n\t<div id=\"col-1698618101\" class=\"col medium-4 small-12 large-4\"  data-animate=\"fadeInLeft\">\n\t\t<div class=\"col-inner box-shadow-2 box-shadow-3-hover\"  >\n\t\t\t\n\t\t\t\n\n\t<div class=\"img has-hover x md-x lg-x y md-y lg-y\" id=\"image_438412549\">\n\t\t\t\t\t\t\t\t<div class=\"img-inner dark\" >\n\t\t\t<img width=\"306\" height=\"165\" src=\"https:\/\/simseksocks.com\/en\/wp-content\/uploads\/2021\/04\/OEKO.jpg\" class=\"attachment-original size-original\" alt=\"OEKO\" loading=\"lazy\" srcset=\"https:\/\/simseksocks.com\/en\/wp-content\/uploads\/2021\/04\/OEKO.jpg 306w, https:\/\/simseksocks.com\/en\/wp-content\/uploads\/2021\/04\/OEKO-300x162.jpg 300w\" sizes=\"(max-width: 306px) 100vw, 306px\" \/>\t\t\t\t\t\t\n\t\t\t\t\t<\/div>\n\t\t\t\t\t\t\t\t\n<style>\n#image_438412549 {\n  width: 100%;\n}\n<\/style>\n\t<\/div>\n\t\n\n<div class=\"is-divider divider clearfix\" style=\"margin-top:0.2em;margin-bottom:0.2em;max-width:100%;height:2px;background-color:rgb(217, 217, 217);\"><\/div>\n\n\t<div id=\"text-3292188028\" class=\"text\">\n\t\t\n\n<div><strong>OEKO-TEX Urun Guvenli\u011fi Sertifikas\u0131<\/strong><\/div>\n\t\t\n<style>\n#text-3292188028 {\n  text-align: center;\n  color: rgb(45, 45, 45);\n}\n#text-3292188028 > * {\n  color: rgb(45, 45, 45);\n}\n<\/style>\n\t<\/div>\n\t\n\n\t\t<\/div>\n\t\t\n<style>\n#col-1698618101 > .col-inner {\n  border-radius: 10px;\n}\n<\/style>\n\t<\/div>\n\n\t\n\n\t<div id=\"col-799851554\" class=\"col medium-4 small-12 large-4\"  data-animate=\"bounceIn\">\n\t\t<div class=\"col-inner box-shadow-2 box-shadow-3-hover\"  >\n\t\t\t\n\t\t\t\n\n\t<div class=\"img has-hover x md-x lg-x y md-y lg-y\" id=\"image_204097591\">\n\t\t\t\t\t\t\t\t<div class=\"img-inner dark\" >\n\t\t\t<img width=\"306\" height=\"165\" src=\"https:\/\/simseksocks.com\/en\/wp-content\/uploads\/2021\/04\/BSCI-2021.jpg\" class=\"attachment-original size-original\" alt=\"\" loading=\"lazy\" srcset=\"https:\/\/simseksocks.com\/en\/wp-content\/uploads\/2021\/04\/BSCI-2021.jpg 306w, https:\/\/simseksocks.com\/en\/wp-content\/uploads\/2021\/04\/BSCI-2021-300x162.jpg 300w\" sizes=\"(max-width: 306px) 100vw, 306px\" \/>\t\t\t\t\t\t\n\t\t\t\t\t<\/div>\n\t\t\t\t\t\t\t\t\n<style>\n#image_204097591 {\n  width: 100%;\n}\n<\/style>\n\t<\/div>\n\t\n\n<div class=\"is-divider divider clearfix\" style=\"margin-top:0.2em;margin-bottom:0.2em;max-width:100%;height:2px;background-color:rgb(217, 217, 217);\"><\/div>\n\n\t<div id=\"text-2764508375\" class=\"text\">\n\t\t\n\n<div><strong>BSCI Sosyal Uygunluk Denetimi<\/strong><\/div>\n\t\t\n<style>\n#text-2764508375 {\n  text-align: center;\n  color: rgb(45, 45, 45);\n}\n#text-2764508375 > * {\n  color: rgb(45, 45, 45);\n}\n<\/style>\n\t<\/div>\n\t\n\n\t\t<\/div>\n\t\t\n<style>\n#col-799851554 > .col-inner {\n  border-radius: 10px;\n}\n<\/style>\n\t<\/div>\n\n\t\n\n\t<div id=\"col-1379756199\" class=\"col medium-4 small-12 large-4\"  data-animate=\"fadeInRight\">\n\t\t<div class=\"col-inner box-shadow-2 box-shadow-3-hover\"  >\n\t\t\t\n\t\t\t\n\n\t<div class=\"img has-hover x md-x lg-x y md-y lg-y\" id=\"image_41677620\">\n\t\t\t\t\t\t\t\t<div class=\"img-inner dark\" >\n\t\t\t<img width=\"306\" height=\"165\" src=\"https:\/\/simseksocks.com\/en\/wp-content\/uploads\/2021\/03\/Gots.jpg\" class=\"attachment-original size-original\" alt=\"\" loading=\"lazy\" srcset=\"https:\/\/simseksocks.com\/en\/wp-content\/uploads\/2021\/03\/Gots.jpg 306w, https:\/\/simseksocks.com\/en\/wp-content\/uploads\/2021\/03\/Gots-300x162.jpg 300w\" sizes=\"(max-width: 306px) 100vw, 306px\" \/>\t\t\t\t\t\t\n\t\t\t\t\t<\/div>\n\t\t\t\t\t\t\t\t\n<style>\n#image_41677620 {\n  width: 100%;\n}\n<\/style>\n\t<\/div>\n\t\n\n<div class=\"is-divider divider clearfix\" style=\"margin-top:0.2em;margin-bottom:0.2em;max-width:100%;height:2px;background-color:rgb(217, 217, 217);\"><\/div>\n\n\t<div id=\"text-141950695\" class=\"text\">\n\t\t\n\n<div><strong>GOTS Organik<\/strong><\/div>\n\t\t\n<style>\n#text-141950695 {\n  text-align: center;\n  color: rgb(45, 45, 45);\n}\n#text-141950695 > * {\n  color: rgb(45, 45, 45);\n}\n<\/style>\n\t<\/div>\n\t\n\n\t\t<\/div>\n\t\t\n<style>\n#col-1379756199 > .col-inner {\n  border-radius: 10px;\n}\n<\/style>\n\t<\/div>\n\n\t\n\n\t<div id=\"col-1910249950\" class=\"col medium-4 small-12 large-4\"  data-animate=\"fadeInLeft\">\n\t\t<div class=\"col-inner box-shadow-2 box-shadow-3-hover\"  >\n\t\t\t\n\t\t\t\n\n\t<div class=\"img has-hover x md-x lg-x y md-y lg-y\" id=\"image_1365111318\">\n\t\t\t\t\t\t\t\t<div class=\"img-inner dark\" >\n\t\t\t<img width=\"306\" height=\"165\" src=\"https:\/\/simseksocks.com\/en\/wp-content\/uploads\/2021\/04\/Sedex.jpg\" class=\"attachment-original size-original\" alt=\"Sedex\" loading=\"lazy\" srcset=\"https:\/\/simseksocks.com\/en\/wp-content\/uploads\/2021\/04\/Sedex.jpg 306w, https:\/\/simseksocks.com\/en\/wp-content\/uploads\/2021\/04\/Sedex-300x162.jpg 300w\" sizes=\"(max-width: 306px) 100vw, 306px\" \/>\t\t\t\t\t\t\n\t\t\t\t\t<\/div>\n\t\t\t\t\t\t\t\t\n<style>\n#image_1365111318 {\n  width: 100%;\n}\n<\/style>\n\t<\/div>\n\t\n\n<div class=\"is-divider divider clearfix\" style=\"margin-top:0.2em;margin-bottom:0.2em;max-width:100%;height:2px;background-color:rgb(217, 217, 217);\"><\/div>\n\n\t<div id=\"text-2232070177\" class=\"text\">\n\t\t\n\n<div><strong>SEDEX Sosyal Uygunluk Denetimi<\/strong><\/div>\n\t\t\n<style>\n#text-2232070177 {\n  text-align: center;\n  color: rgb(45, 45, 45);\n}\n#text-2232070177 > * {\n  color: rgb(45, 45, 45);\n}\n<\/style>\n\t<\/div>\n\t\n\n\t\t<\/div>\n\t\t\n<style>\n#col-1910249950 > .col-inner {\n  border-radius: 10px;\n}\n<\/style>\n\t<\/div>\n\n\t\n\n\t<div id=\"col-948416523\" class=\"col medium-4 small-12 large-4\"  data-animate=\"bounceIn\">\n\t\t<div class=\"col-inner box-shadow-2 box-shadow-3-hover\"  >\n\t\t\t\n\t\t\t\n\n\t<div class=\"img has-hover x md-x lg-x y md-y lg-y\" id=\"image_653814320\">\n\t\t\t\t\t\t\t\t<div class=\"img-inner dark\" >\n\t\t\t<img width=\"306\" height=\"165\" src=\"https:\/\/simseksocks.com\/en\/wp-content\/uploads\/2021\/03\/Organik-Urun.jpg\" class=\"attachment-original size-original\" alt=\"\" loading=\"lazy\" srcset=\"https:\/\/simseksocks.com\/en\/wp-content\/uploads\/2021\/03\/Organik-Urun.jpg 306w, https:\/\/simseksocks.com\/en\/wp-content\/uploads\/2021\/03\/Organik-Urun-300x162.jpg 300w\" sizes=\"(max-width: 306px) 100vw, 306px\" \/>\t\t\t\t\t\t\n\t\t\t\t\t<\/div>\n\t\t\t\t\t\t\t\t\n<style>\n#image_653814320 {\n  width: 100%;\n}\n<\/style>\n\t<\/div>\n\t\n\n<div class=\"is-divider divider clearfix\" style=\"margin-top:0.2em;margin-bottom:0.2em;max-width:100%;height:2px;background-color:rgb(217, 217, 217);\"><\/div>\n\n\t<div id=\"text-1906539523\" class=\"text\">\n\t\t\n\n<div><strong>OCS Organik<\/strong><\/div>\n\t\t\n<style>\n#text-1906539523 {\n  text-align: center;\n  color: rgb(45, 45, 45);\n}\n#text-1906539523 > * {\n  color: rgb(45, 45, 45);\n}\n<\/style>\n\t<\/div>\n\t\n\n\t\t<\/div>\n\t\t\n<style>\n#col-948416523 > .col-inner {\n  border-radius: 10px;\n}\n<\/style>\n\t<\/div>\n\n\t\n\n\t<div id=\"col-552869626\" class=\"col medium-4 small-12 large-4\"  data-animate=\"fadeInRight\">\n\t\t<div class=\"col-inner box-shadow-2 box-shadow-3-hover\"  >\n\t\t\t\n\t\t\t\n\n\t<div class=\"img has-hover x md-x lg-x y md-y lg-y\" id=\"image_2018067063\">\n\t\t\t\t\t\t\t\t<div class=\"img-inner dark\" >\n\t\t\t<img width=\"306\" height=\"165\" src=\"https:\/\/simseksocks.com\/en\/wp-content\/uploads\/2021\/03\/Iso-9001.png\" class=\"attachment-original size-original\" alt=\"\" loading=\"lazy\" srcset=\"https:\/\/simseksocks.com\/en\/wp-content\/uploads\/2021\/03\/Iso-9001.png 306w, https:\/\/simseksocks.com\/en\/wp-content\/uploads\/2021\/03\/Iso-9001-300x162.png 300w\" sizes=\"(max-width: 306px) 100vw, 306px\" \/>\t\t\t\t\t\t\n\t\t\t\t\t<\/div>\n\t\t\t\t\t\t\t\t\n<style>\n#image_2018067063 {\n  width: 100%;\n}\n<\/style>\n\t<\/div>\n\t\n\n<div class=\"is-divider divider clearfix\" style=\"margin-top:0.2em;margin-bottom:0.2em;max-width:100%;height:2px;background-color:rgb(217, 217, 217);\"><\/div>\n\n\t<div id=\"text-1460600542\" class=\"text\">\n\t\t\n\n<div><strong>ISO:9001 Kalite Yonetim Sistemleri<\/strong><\/div>\n\t\t\n<style>\n#text-1460600542 {\n  text-align: center;\n  color: rgb(45, 45, 45);\n}\n#text-1460600542 > * {\n  color: rgb(45, 45, 45);\n}\n<\/style>\n\t<\/div>\n\t\n\n\t\t<\/div>\n\t\t\n<style>\n#col-552869626 > .col-inner {\n  border-radius: 10px;\n}\n<\/style>\n\t<\/div>\n\n\t\n\n\t<div id=\"col-144218361\" class=\"col medium-4 small-12 large-4\"  data-animate=\"fadeInLeft\">\n\t\t<div class=\"col-inner box-shadow-2 box-shadow-3-hover\"  >\n\t\t\t\n\t\t\t\n\n\t<div class=\"img has-hover x md-x lg-x y md-y lg-y\" id=\"image_416840676\">\n\t\t\t\t\t\t\t\t<div class=\"img-inner dark\" >\n\t\t\t<img width=\"306\" height=\"165\" src=\"https:\/\/simseksocks.com\/en\/wp-content\/uploads\/2021\/04\/ISO-14001-r.jpg\" class=\"attachment-original size-original\" alt=\"\" loading=\"lazy\" srcset=\"https:\/\/simseksocks.com\/en\/wp-content\/uploads\/2021\/04\/ISO-14001-r.jpg 306w, https:\/\/simseksocks.com\/en\/wp-content\/uploads\/2021\/04\/ISO-14001-r-300x162.jpg 300w\" sizes=\"(max-width: 306px) 100vw, 306px\" \/>\t\t\t\t\t\t\n\t\t\t\t\t<\/div>\n\t\t\t\t\t\t\t\t\n<style>\n#image_416840676 {\n  width: 100%;\n}\n<\/style>\n\t<\/div>\n\t\n\n<div class=\"is-divider divider clearfix\" style=\"margin-top:0.2em;margin-bottom:0.2em;max-width:100%;height:2px;background-color:rgb(217, 217, 217);\"><\/div>\n\n\t<div id=\"text-2773599059\" class=\"text\">\n\t\t\n\n<div><strong>ISO:14001 \u00c7evre Yonetim Sistemleri<\/strong><\/div>\n\t\t\n<style>\n#text-2773599059 {\n  text-align: center;\n  color: rgb(45, 45, 45);\n}\n#text-2773599059 > * {\n  color: rgb(45, 45, 45);\n}\n<\/style>\n\t<\/div>\n\t\n\n\t\t<\/div>\n\t\t\n<style>\n#col-144218361 > .col-inner {\n  border-radius: 10px;\n}\n<\/style>\n\t<\/div>\n\n\t\n\n\t<div id=\"col-1473220211\" class=\"col medium-4 small-12 large-4\"  data-animate=\"bounceIn\">\n\t\t<div class=\"col-inner box-shadow-2 box-shadow-3-hover\"  >\n\t\t\t\n\t\t\t\n\n\t<div class=\"img has-hover x md-x lg-x y md-y lg-y\" id=\"image_1715840411\">\n\t\t\t\t\t\t\t\t<div class=\"img-inner dark\" >\n\t\t\t<img width=\"306\" height=\"165\" src=\"https:\/\/simseksocks.com\/en\/wp-content\/uploads\/2021\/03\/ISO-27001.jpg\" class=\"attachment-original size-original\" alt=\"\" loading=\"lazy\" srcset=\"https:\/\/simseksocks.com\/en\/wp-content\/uploads\/2021\/03\/ISO-27001.jpg 306w, https:\/\/simseksocks.com\/en\/wp-content\/uploads\/2021\/03\/ISO-27001-300x162.jpg 300w\" sizes=\"(max-width: 306px) 100vw, 306px\" \/>\t\t\t\t\t\t\n\t\t\t\t\t<\/div>\n\t\t\t\t\t\t\t\t\n<style>\n#image_1715840411 {\n  width: 100%;\n}\n<\/style>\n\t<\/div>\n\t\n\n<div class=\"is-divider divider clearfix\" style=\"margin-top:0.2em;margin-bottom:0.2em;max-width:100%;height:2px;background-color:rgb(217, 217, 217);\"><\/div>\n\n\t<div id=\"text-4215611675\" class=\"text\">\n\t\t\n\n<div><strong>ISO:27001 Kalite Yonetim Sistemleri<\/strong><\/div>\n\t\t\n<style>\n#text-4215611675 {\n  text-align: center;\n  color: rgb(45, 45, 45);\n}\n#text-4215611675 > * {\n  color: rgb(45, 45, 45);\n}\n<\/style>\n\t<\/div>\n\t\n\n\t\t<\/div>\n\t\t\n<style>\n#col-1473220211 > .col-inner {\n  border-radius: 10px;\n}\n<\/style>\n\t<\/div>\n\n\t\n\n\t<div id=\"col-201544690\" class=\"col medium-4 small-12 large-4\"  data-animate=\"fadeInRight\">\n\t\t<div class=\"col-inner box-shadow-2 box-shadow-3-hover\"  >\n\t\t\t\n\t\t\t\n\n\t<div class=\"img has-hover x md-x lg-x y md-y lg-y\" id=\"image_1489451515\">\n\t\t\t\t\t\t\t\t<div class=\"img-inner dark\" >\n\t\t\t<img width=\"306\" height=\"165\" src=\"https:\/\/simseksocks.com\/en\/wp-content\/uploads\/2021\/04\/45001.jpg\" class=\"attachment-original size-original\" alt=\"\" loading=\"lazy\" srcset=\"https:\/\/simseksocks.com\/en\/wp-content\/uploads\/2021\/04\/45001.jpg 306w, https:\/\/simseksocks.com\/en\/wp-content\/uploads\/2021\/04\/45001-300x162.jpg 300w\" sizes=\"(max-width: 306px) 100vw, 306px\" \/>\t\t\t\t\t\t\n\t\t\t\t\t<\/div>\n\t\t\t\t\t\t\t\t\n<style>\n#image_1489451515 {\n  width: 100%;\n}\n<\/style>\n\t<\/div>\n\t\n\n<div class=\"is-divider divider clearfix\" style=\"margin-top:0.2em;margin-bottom:0.2em;max-width:100%;height:2px;background-color:rgb(217, 217, 217);\"><\/div>\n\n\t<div id=\"text-2885086801\" class=\"text\">\n\t\t\n\n<div><strong>ISO:45001 \u0130SG Yonetim Sistemleri<\/strong><\/div>\n\t\t\n<style>\n#text-2885086801 {\n  text-align: center;\n  color: rgb(45, 45, 45);\n}\n#text-2885086801 > * {\n  color: rgb(45, 45, 45);\n}\n<\/style>\n\t<\/div>\n\t\n\n\t\t<\/div>\n\t\t\n<style>\n#col-201544690 > .col-inner {\n  border-radius: 10px;\n}\n<\/style>\n\t<\/div>\n\n\t\n\n\t<div id=\"col-1104899699\" class=\"col medium-4 small-12 large-4\"  data-animate=\"fadeInLeft\">\n\t\t<div class=\"col-inner box-shadow-2 box-shadow-3-hover\"  >\n\t\t\t\n\t\t\t\n\n\t<div class=\"img has-hover x md-x lg-x y md-y lg-y\" id=\"image_723173409\">\n\t\t\t\t\t\t\t\t<div class=\"img-inner dark\" >\n\t\t\t<img width=\"306\" height=\"165\" src=\"https:\/\/simseksocks.com\/en\/wp-content\/uploads\/2021\/04\/ISO-10002.jpg\" class=\"attachment-original size-original\" alt=\"\" loading=\"lazy\" srcset=\"https:\/\/simseksocks.com\/en\/wp-content\/uploads\/2021\/04\/ISO-10002.jpg 306w, https:\/\/simseksocks.com\/en\/wp-content\/uploads\/2021\/04\/ISO-10002-300x162.jpg 300w\" sizes=\"(max-width: 306px) 100vw, 306px\" \/>\t\t\t\t\t\t\n\t\t\t\t\t<\/div>\n\t\t\t\t\t\t\t\t\n<style>\n#image_723173409 {\n  width: 100%;\n}\n<\/style>\n\t<\/div>\n\t\n\n<div class=\"is-divider divider clearfix\" style=\"margin-top:0.2em;margin-bottom:0.2em;max-width:100%;height:2px;background-color:rgb(217, 217, 217);\"><\/div>\n\n\t<div id=\"text-1573782355\" class=\"text\">\n\t\t\n\n<div><span style=\"font-size: 85%;\"><strong>ISO:10002 M\u00fc\u015fteri Memnuniyeti Yonetim Sistemleri<\/strong><\/span><\/div>\n\t\t\n<style>\n#text-1573782355 {\n  text-align: center;\n  color: rgb(45, 45, 45);\n}\n#text-1573782355 > * {\n  color: rgb(45, 45, 45);\n}\n<\/style>\n\t<\/div>\n\t\n\n\t\t<\/div>\n\t\t\n<style>\n#col-1104899699 > .col-inner {\n  border-radius: 10px;\n}\n<\/style>\n\t<\/div>\n\n\t\n\n\t<div id=\"col-195390677\" class=\"col medium-4 small-12 large-4\"  data-animate=\"bounceIn\">\n\t\t<div class=\"col-inner box-shadow-2 box-shadow-3-hover\"  >\n\t\t\t\n\t\t\t\n\n\t<div class=\"img has-hover x md-x lg-x y md-y lg-y\" id=\"image_1282428262\">\n\t\t\t\t\t\t\t\t<div class=\"img-inner dark\" >\n\t\t\t<img width=\"306\" height=\"165\" src=\"https:\/\/simseksocks.com\/en\/wp-content\/uploads\/2021\/04\/ISO-26000.jpg\" class=\"attachment-original size-original\" alt=\"\" loading=\"lazy\" srcset=\"https:\/\/simseksocks.com\/en\/wp-content\/uploads\/2021\/04\/ISO-26000.jpg 306w, https:\/\/simseksocks.com\/en\/wp-content\/uploads\/2021\/04\/ISO-26000-300x162.jpg 300w\" sizes=\"(max-width: 306px) 100vw, 306px\" \/>\t\t\t\t\t\t\n\t\t\t\t\t<\/div>\n\t\t\t\t\t\t\t\t\n<style>\n#image_1282428262 {\n  width: 100%;\n}\n<\/style>\n\t<\/div>\n\t\n\n<div class=\"is-divider divider clearfix\" style=\"margin-top:0.2em;margin-bottom:0.2em;max-width:100%;height:2px;background-color:rgb(217, 217, 217);\"><\/div>\n\n\t<div id=\"text-2890774461\" class=\"text\">\n\t\t\n\n<div><span style=\"font-size: 85%;\"><strong>ISO:26000 Sosyal Sorumluluk Yonetim Sistemleri<\/strong><\/span><\/div>\n\t\t\n<style>\n#text-2890774461 {\n  text-align: center;\n  color: rgb(45, 45, 45);\n}\n#text-2890774461 > * {\n  color: rgb(45, 45, 45);\n}\n<\/style>\n\t<\/div>\n\t\n\n\t\t<\/div>\n\t\t\n<style>\n#col-195390677 > .col-inner {\n  border-radius: 10px;\n}\n<\/style>\n\t<\/div>\n\n\t\n\n\n<style>\n#row-128205090 > .col > .col-inner {\n  padding: 10px 0px 10px 0px;\n}\n<\/style>\n<\/div>\n\n","protected":false},"excerpt":{"rendered":"","protected":false},"author":1,"featured_media":0,"parent":0,"menu_order":0,"comment_status":"closed","ping_status":"closed","template":"page-blank.php","meta":[],"_links":{"self":[{"href":"https:\/\/simseksocks.com\/en\/wp-json\/wp\/v2\/pages\/169"}],"collection":[{"href":"https:\/\/simseksocks.com\/en\/wp-json\/wp\/v2\/pages"}],"about":[{"href":"https:\/\/simseksocks.com\/en\/wp-json\/wp\/v2\/types\/page"}],"author":[{"embeddable":true,"href":"https:\/\/simseksocks.com\/en\/wp-json\/wp\/v2\/users\/1"}],"replies":[{"embeddable":true,"href":"https:\/\/simseksocks.com\/en\/wp-json\/wp\/v2\/comments?post=169"}],"version-history":[{"count":17,"href":"https:\/\/simseksocks.com\/en\/wp-json\/wp\/v2\/pages\/169\/revisions"}],"predecessor-version":[{"id":485,"href":"https:\/\/simseksocks.com\/en\/wp-json\/wp\/v2\/pages\/169\/revisions\/485"}],"wp:attachment":[{"href":"https:\/\/simseksocks.com\/en\/wp-json\/wp\/v2\/media?parent=169"}],"curies":[{"name":"wp","href":"https:\/\/api.w.org\/{rel}","templated":true}]}}