{"id":178,"date":"2021-03-24T13:43:21","date_gmt":"2021-03-24T10:43:21","guid":{"rendered":"https:\/\/simseksocks.com\/en\/?page_id=178"},"modified":"2021-06-22T00:46:00","modified_gmt":"2021-06-21T21:46:00","slug":"news-announcements","status":"publish","type":"page","link":"https:\/\/simseksocks.com\/en\/news-announcements\/","title":{"rendered":"News-Announcements"},"content":{"rendered":"\n  <div id=\"page-header-1250350567\" class=\"page-header-wrapper\">\n  <div class=\"page-title dark featured-title\">\n\n    \n    <div class=\"page-title-inner container align-center flex-row medium-flex-wrap\" >\n              <div class=\"title-wrapper flex-col text-left medium-text-center\">\n          <h1 class=\"entry-title mb-0\">\n            News-Announcements          <\/h1>\n        <\/div>\n                    <div class=\"title-content flex-col flex-right text-right medium-text-center\">\n        <div class=\"title-share pt-half pb-half\"><div class=\"social-icons share-icons share-row relative\" ><a href=\"whatsapp:\/\/send?text=News-Announcements - https:\/\/simseksocks.com\/en\/news-announcements\/\" data-action=\"share\/whatsapp\/share\" class=\"icon button circle is-outline tooltip whatsapp show-for-medium\" title=\"Share on WhatsApp\"><i class=\"icon-whatsapp\"><\/i><\/a><a href=\"https:\/\/www.facebook.com\/sharer.php?u=https:\/\/simseksocks.com\/en\/news-announcements\/\" data-label=\"Facebook\" onclick=\"window.open(this.href,this.title,'width=500,height=500,top=300px,left=300px');  return false;\" rel=\"noopener noreferrer nofollow\" target=\"_blank\" class=\"icon button circle is-outline tooltip facebook\" title=\"Facebook ile Payla\u015f\"><i class=\"icon-facebook\" ><\/i><\/a><a href=\"https:\/\/twitter.com\/share?url=https:\/\/simseksocks.com\/en\/news-announcements\/\" onclick=\"window.open(this.href,this.title,'width=500,height=500,top=300px,left=300px');  return false;\" rel=\"noopener noreferrer nofollow\" target=\"_blank\" class=\"icon button circle is-outline tooltip twitter\" title=\"Twitter ile Payla\u015f\"><i class=\"icon-twitter\" ><\/i><\/a><a href=\"mailto:enteryour@addresshere.com?subject=News-Announcements&amp;body=Check%20this%20out:%20https:\/\/simseksocks.com\/en\/news-announcements\/\" rel=\"nofollow\" class=\"icon button circle is-outline tooltip email\" title=\"Arkada\u015f\u0131na Email \u0130le G\u00f6nder\"><i class=\"icon-envelop\" ><\/i><\/a><a href=\"https:\/\/pinterest.com\/pin\/create\/button\/?url=https:\/\/simseksocks.com\/en\/news-announcements\/&amp;media=&amp;description=News-Announcements\" onclick=\"window.open(this.href,this.title,'width=500,height=500,top=300px,left=300px');  return false;\" rel=\"noopener noreferrer nofollow\" target=\"_blank\" class=\"icon button circle is-outline tooltip pinterest\" title=\"Pinterest&rsquo; te \u0130\u011fnele\"><i class=\"icon-pinterest\" ><\/i><\/a><a href=\"https:\/\/www.linkedin.com\/shareArticle?mini=true&url=https:\/\/simseksocks.com\/en\/news-announcements\/&title=News-Announcements\" onclick=\"window.open(this.href,this.title,'width=500,height=500,top=300px,left=300px');  return false;\"  rel=\"noopener noreferrer nofollow\" target=\"_blank\" class=\"icon button circle is-outline tooltip linkedin\" title=\"Share on LinkedIn\"><i class=\"icon-linkedin\" ><\/i><\/a><\/div><\/div>      <\/div>\n    <\/div>\n\n       <\/div>\n    <\/div>\n  \n\n\t<div id=\"gap-10762507\" class=\"gap-element clearfix\" style=\"display:block; height:auto;\">\n\t\t\n<style>\n#gap-10762507 {\n  padding-top: 30px;\n}\n<\/style>\n\t<\/div>\n\t\n\n<div class=\"row\"  id=\"row-1677140959\">\n\n\n\t<div id=\"col-1542933662\" class=\"col small-12 large-12\"  >\n\t\t<div class=\"col-inner\"  >\n\t\t\t\n\t\t\t\n\n\n  \n    <div class=\"row large-columns-3 medium-columns-1 small-columns-1 has-shadow row-box-shadow-1 row-box-shadow-1-hover\">\n  <\/div>\n\n\n\t\t<\/div>\n\t\t\t<\/div>\n\n\t\n\n<\/div>\n\n","protected":false},"excerpt":{"rendered":"","protected":false},"author":1,"featured_media":0,"parent":0,"menu_order":0,"comment_status":"closed","ping_status":"closed","template":"page-blank.php","meta":[],"_links":{"self":[{"href":"https:\/\/simseksocks.com\/en\/wp-json\/wp\/v2\/pages\/178"}],"collection":[{"href":"https:\/\/simseksocks.com\/en\/wp-json\/wp\/v2\/pages"}],"about":[{"href":"https:\/\/simseksocks.com\/en\/wp-json\/wp\/v2\/types\/page"}],"author":[{"embeddable":true,"href":"https:\/\/simseksocks.com\/en\/wp-json\/wp\/v2\/users\/1"}],"replies":[{"embeddable":true,"href":"https:\/\/simseksocks.com\/en\/wp-json\/wp\/v2\/comments?post=178"}],"version-history":[{"count":7,"href":"https:\/\/simseksocks.com\/en\/wp-json\/wp\/v2\/pages\/178\/revisions"}],"predecessor-version":[{"id":486,"href":"https:\/\/simseksocks.com\/en\/wp-json\/wp\/v2\/pages\/178\/revisions\/486"}],"wp:attachment":[{"href":"https:\/\/simseksocks.com\/en\/wp-json\/wp\/v2\/media?parent=178"}],"curies":[{"name":"wp","href":"https:\/\/api.w.org\/{rel}","templated":true}]}}