{"id":137,"date":"2021-03-24T12:25:35","date_gmt":"2021-03-24T09:25:35","guid":{"rendered":"https:\/\/simseksocks.com\/fr\/?page_id=137"},"modified":"2021-06-28T09:46:13","modified_gmt":"2021-06-28T06:46:13","slug":"a-propos-de-nous","status":"publish","type":"page","link":"https:\/\/simseksocks.com\/fr\/a-propos-de-nous\/","title":{"rendered":"\u00e0 Propos de Nous"},"content":{"rendered":"  <div id=\"page-header-156556667\" class=\"page-header-wrapper\">\n  <div class=\"page-title dark featured-title\">\n\n    \n    <div class=\"page-title-inner container align-center flex-row medium-flex-wrap\" >\n              <div class=\"title-wrapper flex-col text-left medium-text-center\">\n          <h1 class=\"entry-title mb-0\">\n            \u00e0 Propos de Nous          <\/h1>\n        <\/div>\n                    <div class=\"title-content flex-col flex-right text-right medium-text-center\">\n        <div class=\"title-share pt-half pb-half\"><div class=\"social-icons share-icons share-row relative\" ><a href=\"whatsapp:\/\/send?text=%C3%A0%20Propos%20de%20Nous - https:\/\/simseksocks.com\/fr\/a-propos-de-nous\/\" data-action=\"share\/whatsapp\/share\" class=\"icon button circle is-outline tooltip whatsapp show-for-medium\" title=\"Share on WhatsApp\"><i class=\"icon-whatsapp\"><\/i><\/a><a href=\"https:\/\/www.facebook.com\/sharer.php?u=https:\/\/simseksocks.com\/fr\/a-propos-de-nous\/\" data-label=\"Facebook\" onclick=\"window.open(this.href,this.title,'width=500,height=500,top=300px,left=300px');  return false;\" rel=\"noopener noreferrer nofollow\" target=\"_blank\" class=\"icon button circle is-outline tooltip facebook\" title=\"Facebook ile Payla\u015f\"><i class=\"icon-facebook\" ><\/i><\/a><a href=\"https:\/\/twitter.com\/share?url=https:\/\/simseksocks.com\/fr\/a-propos-de-nous\/\" onclick=\"window.open(this.href,this.title,'width=500,height=500,top=300px,left=300px');  return false;\" rel=\"noopener noreferrer nofollow\" target=\"_blank\" class=\"icon button circle is-outline tooltip twitter\" title=\"Twitter ile Payla\u015f\"><i class=\"icon-twitter\" ><\/i><\/a><a href=\"mailto:enteryour@addresshere.com?subject=%C3%A0%20Propos%20de%20Nous&amp;body=Check%20this%20out:%20https:\/\/simseksocks.com\/fr\/a-propos-de-nous\/\" rel=\"nofollow\" class=\"icon button circle is-outline tooltip email\" title=\"Arkada\u015f\u0131na Email \u0130le G\u00f6nder\"><i class=\"icon-envelop\" ><\/i><\/a><a href=\"https:\/\/pinterest.com\/pin\/create\/button\/?url=https:\/\/simseksocks.com\/fr\/a-propos-de-nous\/&amp;media=&amp;description=%C3%A0%20Propos%20de%20Nous\" onclick=\"window.open(this.href,this.title,'width=500,height=500,top=300px,left=300px');  return false;\" rel=\"noopener noreferrer nofollow\" target=\"_blank\" class=\"icon button circle is-outline tooltip pinterest\" title=\"Pinterest&rsquo; te \u0130\u011fnele\"><i class=\"icon-pinterest\" ><\/i><\/a><a href=\"https:\/\/www.linkedin.com\/shareArticle?mini=true&url=https:\/\/simseksocks.com\/fr\/a-propos-de-nous\/&title=%C3%A0%20Propos%20de%20Nous\" onclick=\"window.open(this.href,this.title,'width=500,height=500,top=300px,left=300px');  return false;\"  rel=\"noopener noreferrer nofollow\" target=\"_blank\" class=\"icon button circle is-outline tooltip linkedin\" title=\"Share on LinkedIn\"><i class=\"icon-linkedin\" ><\/i><\/a><\/div><\/div>      <\/div>\n    <\/div>\n\n       <\/div>\n    <\/div>\n  \n\t<section class=\"section\" id=\"section_2023551741\">\n\t\t<div class=\"bg section-bg fill bg-fill  bg-loaded\" >\n\n\t\t\t\n\t\t\t\n\t\t\t\n\n\t\t<\/div>\n\n\t\t<div class=\"section-content relative\">\n\t\t\t\n<div class=\"row row-small\"  id=\"row-58948000\">\n\n\t<div id=\"col-2108910042\" class=\"col small-12 large-12\"  data-animate=\"bounceInUp\">\n\t\t<div class=\"col-inner\"  >\n\t\t\t\n\t\t\t\n\n\t\t<div class=\"tabbed-content\">\n\t\t\t\n\t\t\t<ul class=\"nav nav-tabs nav-vertical nav-normal nav-size-normal nav-left\"><li class=\"tab active has-icon\"><a href=\"#tab_\u00e0-propos-de-nous\"><span>\u00e0 Propos de Nous<\/span><\/a><\/li>\n<li class=\"tab has-icon\"><a href=\"#tab_notre-mission\"><span>Notre Mission<\/span><\/a><\/li>\n<li class=\"tab has-icon\"><a href=\"#tab_notre-vision\"><span>Notre Vision<\/span><\/a><\/li><\/ul><div class=\"tab-panels\"><div class=\"panel active entry-content\" id=\"tab_\u00e0-propos-de-nous\">\n\t<div id=\"gap-2136211571\" class=\"gap-element clearfix\" style=\"display:block; height:auto;\">\n\t\t\n<style>\n#gap-2136211571 {\n  padding-top: 21px;\n}\n<\/style>\n\t<\/div>\n\t\n\t<div class=\"img has-hover x md-x lg-x y md-y lg-y\" id=\"image_2117468646\">\n\t\t\t\t\t\t\t\t<div class=\"img-inner dark\" >\n\t\t\t<img width=\"750\" height=\"250\" src=\"https:\/\/simseksocks.com\/fr\/wp-content\/uploads\/2021\/04\/Hakkimizda-Banner.jpg\" class=\"attachment-original size-original\" alt=\"\" loading=\"lazy\" srcset=\"https:\/\/simseksocks.com\/fr\/wp-content\/uploads\/2021\/04\/Hakkimizda-Banner.jpg 750w, https:\/\/simseksocks.com\/fr\/wp-content\/uploads\/2021\/04\/Hakkimizda-Banner-300x100.jpg 300w\" sizes=\"(max-width: 750px) 100vw, 750px\" \/>\t\t\t\t\t\t\n\t\t\t\t\t<\/div>\n\t\t\t\t\t\t\t\t\n<style>\n#image_2117468646 {\n  width: 100%;\n}\n<\/style>\n\t<\/div>\n\t\n\t<div id=\"gap-1586662035\" class=\"gap-element clearfix\" style=\"display:block; height:auto;\">\n\t\t\n<style>\n#gap-1586662035 {\n  padding-top: 21px;\n}\n<\/style>\n\t<\/div>\n\t\n<h1>\u00e0 Propos de Nous<\/h1>\n<p>La fabrique de chaussettes \u015eim\u015fek est l&#8217;un des principaux producteurs de chaussettes de Turquie produisant des tailles b\u00e9b\u00e9 aux hommes, situ\u00e9e \u00e0 Istanbul-Esenyurt.<\/p>\n<p>Notre entreprise, qui a pr\u00e8s de 30 ans d&#8217;exp\u00e9rience dans ce secteur, a commenc\u00e9 \u00e0 exporter ses produits depuis 1998 et aujourd&#8217;hui exporte l&#8217;ensemble de sa capacit\u00e9 de production de 30 millions de paires \u00e0 l&#8217;\u00e9tranger. Nous r\u00e9alisons tout le tricotage, la couture des bouts, le lavage, le repassage et l&#8217;emballage dans notre fabrique de 7000 m2 avec des machines \u00e0 la pointe de la technologie.<\/p>\n<p>Aussi bien que nous utilisions g\u00e9n\u00e9ralement des fils de coton et peign\u00e9s card\u00e9s dans nos produits, nous produisons \u00e0 partir de laine, d&#8217;acrylique, de polyester et de nombreuses autres mati\u00e8res premi\u00e8res conform\u00e9ment aux demandes de nos clients.<\/p>\n<p>Notre soci\u00e9t\u00e9 qui travaille avec les cha\u00eenes importantes d&#8217;Europe, travaille \u00e9galement avec des producteurs priv\u00e9s et certaines grossistes. Il d\u00e9pend \u00e0 des programmes d&#8217;audit tels que BSCI et Sedex par la firme d&#8217;audit social.<\/p>\n<p>Notre objectif principal en tant qu&#8217;entreprise, est de cro\u00eetre encore plus avec nos clients et de fournir des avantages mutuels. Nous sommes pr\u00eats \u00e0 fournir le meilleur service possible en fonction des demandes de nos clients.<\/p>\n<\/div>\n<div class=\"panel entry-content\" id=\"tab_notre-mission\">\n\t<div id=\"gap-58866341\" class=\"gap-element clearfix\" style=\"display:block; height:auto;\">\n\t\t\n<style>\n#gap-58866341 {\n  padding-top: 21px;\n}\n<\/style>\n\t<\/div>\n\t\n\t<div class=\"img has-hover x md-x lg-x y md-y lg-y\" id=\"image_1397381756\">\n\t\t\t\t\t\t\t\t<div class=\"img-inner dark\" >\n\t\t\t<img width=\"750\" height=\"250\" src=\"https:\/\/simseksocks.com\/fr\/wp-content\/uploads\/2021\/04\/vizyonumuz-tr.jpg\" class=\"attachment-large size-large\" alt=\"\" loading=\"lazy\" srcset=\"https:\/\/simseksocks.com\/fr\/wp-content\/uploads\/2021\/04\/vizyonumuz-tr.jpg 750w, https:\/\/simseksocks.com\/fr\/wp-content\/uploads\/2021\/04\/vizyonumuz-tr-300x100.jpg 300w\" sizes=\"(max-width: 750px) 100vw, 750px\" \/>\t\t\t\t\t\t\n\t\t\t\t\t<\/div>\n\t\t\t\t\t\t\t\t\n<style>\n#image_1397381756 {\n  width: 100%;\n}\n<\/style>\n\t<\/div>\n\t\n\t<div id=\"gap-716310015\" class=\"gap-element clearfix\" style=\"display:block; height:auto;\">\n\t\t\n<style>\n#gap-716310015 {\n  padding-top: 21px;\n}\n<\/style>\n\t<\/div>\n\t\n<h1>Mission<\/h1>\n<p>Fournir toujours le service le plus rapide et le meilleur avec une compr\u00e9hension \u00e0 l&#8217;usage sur la satisfaction du client.<\/p>\n<\/div>\n<div class=\"panel entry-content\" id=\"tab_notre-vision\">\n\t<div id=\"gap-118990982\" class=\"gap-element clearfix\" style=\"display:block; height:auto;\">\n\t\t\n<style>\n#gap-118990982 {\n  padding-top: 21px;\n}\n<\/style>\n\t<\/div>\n\t\n\t<div class=\"img has-hover x md-x lg-x y md-y lg-y\" id=\"image_698185080\">\n\t\t\t\t\t\t\t\t<div class=\"img-inner dark\" >\n\t\t\t<img width=\"750\" height=\"250\" src=\"https:\/\/simseksocks.com\/fr\/wp-content\/uploads\/2021\/04\/Vizyon-1.jpg\" class=\"attachment-original size-original\" alt=\"\" loading=\"lazy\" srcset=\"https:\/\/simseksocks.com\/fr\/wp-content\/uploads\/2021\/04\/Vizyon-1.jpg 750w, https:\/\/simseksocks.com\/fr\/wp-content\/uploads\/2021\/04\/Vizyon-1-300x100.jpg 300w\" sizes=\"(max-width: 750px) 100vw, 750px\" \/>\t\t\t\t\t\t\n\t\t\t\t\t<\/div>\n\t\t\t\t\t\t\t\t\n<style>\n#image_698185080 {\n  width: 100%;\n}\n<\/style>\n\t<\/div>\n\t\n\t<div id=\"gap-42168071\" class=\"gap-element clearfix\" style=\"display:block; height:auto;\">\n\t\t\n<style>\n#gap-42168071 {\n  padding-top: 21px;\n}\n<\/style>\n\t<\/div>\n\t\n<h1>Vision:<\/h1>\n<p>\u00catre parmi les principaux fabricants de chaussettes de notre pays en investissant dans les derni\u00e8res technologies dans notre fabrique sensible \u00e0 l&#8217;environnement et \u00e0 la sant\u00e9 humaine, et contribuer \u00e0 l&#8217;\u00e9conomie du pays.<\/p>\n<\/div><\/div><\/div>\n\t\t<\/div>\n\t\t\t<\/div>\n\n\t\n<\/div>\n\t\t<\/div>\n\n\t\t\n<style>\n#section_2023551741 {\n  padding-top: 30px;\n  padding-bottom: 30px;\n}\n<\/style>\n\t<\/section>\n\t\n","protected":false},"excerpt":{"rendered":"","protected":false},"author":1,"featured_media":0,"parent":0,"menu_order":0,"comment_status":"closed","ping_status":"closed","template":"page-blank.php","meta":[],"_links":{"self":[{"href":"https:\/\/simseksocks.com\/fr\/wp-json\/wp\/v2\/pages\/137"}],"collection":[{"href":"https:\/\/simseksocks.com\/fr\/wp-json\/wp\/v2\/pages"}],"about":[{"href":"https:\/\/simseksocks.com\/fr\/wp-json\/wp\/v2\/types\/page"}],"author":[{"embeddable":true,"href":"https:\/\/simseksocks.com\/fr\/wp-json\/wp\/v2\/users\/1"}],"replies":[{"embeddable":true,"href":"https:\/\/simseksocks.com\/fr\/wp-json\/wp\/v2\/comments?post=137"}],"version-history":[{"count":20,"href":"https:\/\/simseksocks.com\/fr\/wp-json\/wp\/v2\/pages\/137\/revisions"}],"predecessor-version":[{"id":497,"href":"https:\/\/simseksocks.com\/fr\/wp-json\/wp\/v2\/pages\/137\/revisions\/497"}],"wp:attachment":[{"href":"https:\/\/simseksocks.com\/fr\/wp-json\/wp\/v2\/media?parent=137"}],"curies":[{"name":"wp","href":"https:\/\/api.w.org\/{rel}","templated":true}]}}