{"id":153,"date":"2021-03-24T12:56:43","date_gmt":"2021-03-24T09:56:43","guid":{"rendered":"https:\/\/simseksocks.com\/fr\/?page_id=153"},"modified":"2021-06-28T09:56:42","modified_gmt":"2021-06-28T06:56:42","slug":"ressources-humaines","status":"publish","type":"page","link":"https:\/\/simseksocks.com\/fr\/ressources-humaines\/","title":{"rendered":"Ressources Humaines"},"content":{"rendered":"\n  <div id=\"page-header-226334380\" class=\"page-header-wrapper\">\n  <div class=\"page-title dark featured-title\">\n\n    \n    <div class=\"page-title-inner container align-center flex-row medium-flex-wrap\" >\n              <div class=\"title-wrapper flex-col text-left medium-text-center\">\n          <h1 class=\"entry-title mb-0\">\n            Ressources Humaines          <\/h1>\n        <\/div>\n                    <div class=\"title-content flex-col flex-right text-right medium-text-center\">\n        <div class=\"title-share pt-half pb-half\"><div class=\"social-icons share-icons share-row relative\" ><a href=\"whatsapp:\/\/send?text=Ressources%20Humaines - https:\/\/simseksocks.com\/fr\/ressources-humaines\/\" data-action=\"share\/whatsapp\/share\" class=\"icon button circle is-outline tooltip whatsapp show-for-medium\" title=\"Share on WhatsApp\"><i class=\"icon-whatsapp\"><\/i><\/a><a href=\"https:\/\/www.facebook.com\/sharer.php?u=https:\/\/simseksocks.com\/fr\/ressources-humaines\/\" data-label=\"Facebook\" onclick=\"window.open(this.href,this.title,'width=500,height=500,top=300px,left=300px');  return false;\" rel=\"noopener noreferrer nofollow\" target=\"_blank\" class=\"icon button circle is-outline tooltip facebook\" title=\"Facebook ile Payla\u015f\"><i class=\"icon-facebook\" ><\/i><\/a><a href=\"https:\/\/twitter.com\/share?url=https:\/\/simseksocks.com\/fr\/ressources-humaines\/\" onclick=\"window.open(this.href,this.title,'width=500,height=500,top=300px,left=300px');  return false;\" rel=\"noopener noreferrer nofollow\" target=\"_blank\" class=\"icon button circle is-outline tooltip twitter\" title=\"Twitter ile Payla\u015f\"><i class=\"icon-twitter\" ><\/i><\/a><a href=\"mailto:enteryour@addresshere.com?subject=Ressources%20Humaines&amp;body=Check%20this%20out:%20https:\/\/simseksocks.com\/fr\/ressources-humaines\/\" rel=\"nofollow\" class=\"icon button circle is-outline tooltip email\" title=\"Arkada\u015f\u0131na Email \u0130le G\u00f6nder\"><i class=\"icon-envelop\" ><\/i><\/a><a href=\"https:\/\/pinterest.com\/pin\/create\/button\/?url=https:\/\/simseksocks.com\/fr\/ressources-humaines\/&amp;media=&amp;description=Ressources%20Humaines\" onclick=\"window.open(this.href,this.title,'width=500,height=500,top=300px,left=300px');  return false;\" rel=\"noopener noreferrer nofollow\" target=\"_blank\" class=\"icon button circle is-outline tooltip pinterest\" title=\"Pinterest&rsquo; te \u0130\u011fnele\"><i class=\"icon-pinterest\" ><\/i><\/a><a href=\"https:\/\/www.linkedin.com\/shareArticle?mini=true&url=https:\/\/simseksocks.com\/fr\/ressources-humaines\/&title=Ressources%20Humaines\" onclick=\"window.open(this.href,this.title,'width=500,height=500,top=300px,left=300px');  return false;\"  rel=\"noopener noreferrer nofollow\" target=\"_blank\" class=\"icon button circle is-outline tooltip linkedin\" title=\"Share on LinkedIn\"><i class=\"icon-linkedin\" ><\/i><\/a><\/div><\/div>      <\/div>\n    <\/div>\n\n       <\/div>\n    <\/div>\n  \n\n\t<section class=\"section\" id=\"section_528984318\">\n\t\t<div class=\"bg section-bg fill bg-fill  bg-loaded\" >\n\n\t\t\t\n\t\t\t\n\t\t\t\n\n\t\t<\/div>\n\n\t\t<div class=\"section-content relative\">\n\t\t\t\n\n<div class=\"row\"  id=\"row-199384684\">\n\n\n\t<div id=\"col-576335879\" class=\"col small-12 large-12\"  data-animate=\"bounceInUp\">\n\t\t<div class=\"col-inner\"  >\n\t\t\t\n\t\t\t\n\n\t<div class=\"img has-hover x md-x lg-x y md-y lg-y\" id=\"image_673294753\">\n\t\t\t\t\t\t\t\t<div class=\"img-inner dark\" >\n\t\t\t<img width=\"750\" height=\"250\" src=\"https:\/\/simseksocks.com\/fr\/wp-content\/uploads\/2021\/03\/Insan-Kaynaklari.jpg\" class=\"attachment-original size-original\" alt=\"\" loading=\"lazy\" srcset=\"https:\/\/simseksocks.com\/fr\/wp-content\/uploads\/2021\/03\/Insan-Kaynaklari.jpg 750w, https:\/\/simseksocks.com\/fr\/wp-content\/uploads\/2021\/03\/Insan-Kaynaklari-300x100.jpg 300w\" sizes=\"(max-width: 750px) 100vw, 750px\" \/>\t\t\t\t\t\t\n\t\t\t\t\t<\/div>\n\t\t\t\t\t\t\t\t\n<style>\n#image_673294753 {\n  width: 100%;\n}\n<\/style>\n\t<\/div>\n\t\n\n\t<div id=\"gap-267054608\" class=\"gap-element clearfix\" style=\"display:block; height:auto;\">\n\t\t\n<style>\n#gap-267054608 {\n  padding-top: 30px;\n}\n<\/style>\n\t<\/div>\n\t\n\n<div role=\"form\" class=\"wpcf7\" id=\"wpcf7-f152-o1\" lang=\"tr-TR\" dir=\"ltr\">\n<div class=\"screen-reader-response\"><p role=\"status\" aria-live=\"polite\" aria-atomic=\"true\"><\/p> <ul><\/ul><\/div>\n<form action=\"\/fr\/wp-json\/wp\/v2\/pages\/153#wpcf7-f152-o1\" method=\"post\" class=\"wpcf7-form init\" enctype=\"multipart\/form-data\" novalidate=\"novalidate\" data-status=\"init\">\n<div style=\"display: none;\">\n<input type=\"hidden\" name=\"_wpcf7\" value=\"152\" \/>\n<input type=\"hidden\" name=\"_wpcf7_version\" value=\"5.4.1\" \/>\n<input type=\"hidden\" name=\"_wpcf7_locale\" value=\"tr_TR\" \/>\n<input type=\"hidden\" name=\"_wpcf7_unit_tag\" value=\"wpcf7-f152-o1\" \/>\n<input type=\"hidden\" name=\"_wpcf7_container_post\" value=\"0\" \/>\n<input type=\"hidden\" name=\"_wpcf7_posted_data_hash\" value=\"\" \/>\n<\/div>\n<p><label><span class=\"wpcf7-form-control-wrap adsoyaddd\"><input type=\"text\" name=\"adsoyaddd\" value=\"\" size=\"40\" class=\"wpcf7-form-control wpcf7-text wpcf7-validates-as-required\" aria-required=\"true\" aria-invalid=\"false\" placeholder=\"Votre nom et votre pr\u00e9nom*\" \/><\/span><\/label><\/p>\n<p><label><span class=\"wpcf7-form-control-wrap e-postaaa\"><input type=\"email\" name=\"e-postaaa\" value=\"\" size=\"40\" class=\"wpcf7-form-control wpcf7-text wpcf7-email wpcf7-validates-as-required wpcf7-validates-as-email\" aria-required=\"true\" aria-invalid=\"false\" placeholder=\"Adresse e-mail*\" \/><\/span><\/label><\/p>\n<p><label><span class=\"wpcf7-form-control-wrap telefonnn\"><input type=\"tel\" name=\"telefonnn\" value=\"\" size=\"40\" class=\"wpcf7-form-control wpcf7-text wpcf7-tel wpcf7-validates-as-required wpcf7-validates-as-tel\" aria-required=\"true\" aria-invalid=\"false\" placeholder=\"Votre num\u00e9ro de t\u00e9l\u00e9phone*\" \/><\/span><\/label><\/p>\n<p><label><span class=\"wpcf7-form-control-wrap tckimlikk\"><input type=\"text\" name=\"tckimlikk\" value=\"\" size=\"40\" class=\"wpcf7-form-control wpcf7-text wpcf7-validates-as-required\" aria-required=\"true\" aria-invalid=\"false\" placeholder=\"Votre num\u00e9ro de passeport*\" \/><\/span><\/label><\/p>\n<p><label><span class=\"wpcf7-form-control-wrap cinsiyett\"><select name=\"cinsiyett\" class=\"wpcf7-form-control wpcf7-select wpcf7-validates-as-required\" aria-required=\"true\" aria-invalid=\"false\"><option value=\"Homme\">Homme<\/option><option value=\"Femme\">Femme<\/option><option value=\"Autre\">Autre<\/option><\/select><\/span><\/label><\/p>\n<p><label><span class=\"wpcf7-form-control-wrap dogumyeri\"><select name=\"dogumyeri\" class=\"wpcf7-form-control wpcf7-select\" aria-invalid=\"false\"><option value=\"- Choisissez le lieu de naissance...\">- Choisissez le lieu de naissance...<\/option><option value=\"Elle n&#039;est pas l\u00e0\">Elle n&#039;est pas l\u00e0<\/option><option value=\"Adana\">Adana<\/option><option value=\"Ad\u0131yaman\">Ad\u0131yaman<\/option><option value=\"Afyonkarahisar\">Afyonkarahisar<\/option><option value=\"A\u011fr\u0131\">A\u011fr\u0131<\/option><option value=\"Aksaray\">Aksaray<\/option><option value=\"Amasya\">Amasya<\/option><option value=\"Ankara\">Ankara<\/option><option value=\"Antalya\">Antalya<\/option><option value=\"Ardahan\">Ardahan<\/option><option value=\"Artvin\">Artvin<\/option><option value=\"Ayd\u0131n\">Ayd\u0131n<\/option><option value=\"Bal\u0131kesir\">Bal\u0131kesir<\/option><option value=\"Bart\u0131n\">Bart\u0131n<\/option><option value=\"Batman\">Batman<\/option><option value=\"Bayburt\">Bayburt<\/option><option value=\"Bilecik\">Bilecik<\/option><option value=\"Bing\u00f6l\">Bing\u00f6l<\/option><option value=\"Bitlis\">Bitlis<\/option><option value=\"Bolu\">Bolu<\/option><option value=\"Burdur\">Burdur<\/option><option value=\"Bursa\">Bursa<\/option><option value=\"\u00c7anakkale\">\u00c7anakkale<\/option><option value=\"\u00c7ank\u0131r\u0131\">\u00c7ank\u0131r\u0131<\/option><option value=\"\u00c7orum\">\u00c7orum<\/option><option value=\"Denizli\">Denizli<\/option><option value=\"Diyarbak\u0131r\">Diyarbak\u0131r<\/option><option value=\"D\u00fczce\">D\u00fczce<\/option><option value=\"Edirne\">Edirne<\/option><option value=\"Elaz\u0131\u011f\">Elaz\u0131\u011f<\/option><option value=\"Erzincan\">Erzincan<\/option><option value=\"Erzurum\">Erzurum<\/option><option value=\"Eski\u015fehir\">Eski\u015fehir<\/option><option value=\"Gaziantep\">Gaziantep<\/option><option value=\"Giresun\">Giresun<\/option><option value=\"G\u00fcm\u00fc\u015fhane\">G\u00fcm\u00fc\u015fhane<\/option><option value=\"Hakk\u00e2ri\">Hakk\u00e2ri<\/option><option value=\"Hatay\">Hatay<\/option><option value=\"I\u011fd\u0131r\">I\u011fd\u0131r<\/option><option value=\"Isparta\">Isparta<\/option><option value=\"\u0130stanbul\">\u0130stanbul<\/option><option value=\"\u0130zmir\">\u0130zmir<\/option><option value=\"Kahramanmara\u015f\">Kahramanmara\u015f<\/option><option value=\"Karab\u00fck\">Karab\u00fck<\/option><option value=\"Karaman\">Karaman<\/option><option value=\"Kars\">Kars<\/option><option value=\"Kastamonu\">Kastamonu<\/option><option value=\"Kayseri\">Kayseri<\/option><option value=\"Kilis\">Kilis<\/option><option value=\"K\u0131r\u0131kkale\">K\u0131r\u0131kkale<\/option><option value=\"K\u0131rklareli\">K\u0131rklareli<\/option><option value=\"K\u0131r\u015fehir\">K\u0131r\u015fehir<\/option><option value=\"Kocaeli\">Kocaeli<\/option><option value=\"Konya\">Konya<\/option><option value=\"K\u00fctahya\">K\u00fctahya<\/option><option value=\"Malatya\">Malatya<\/option><option value=\"Manisa\">Manisa<\/option><option value=\"Mardin\">Mardin<\/option><option value=\"Mersin\">Mersin<\/option><option value=\"Mu\u011fla\">Mu\u011fla<\/option><option value=\"Mu\u015f\">Mu\u015f<\/option><option value=\"Nev\u015fehir\">Nev\u015fehir<\/option><option value=\"Ni\u011fde\">Ni\u011fde<\/option><option value=\"Ordu\">Ordu<\/option><option value=\"Osmaniye\">Osmaniye<\/option><option value=\"Rize\">Rize<\/option><option value=\"Sakarya\">Sakarya<\/option><option value=\"Samsun\">Samsun<\/option><option value=\"\u015eanl\u0131urfa\">\u015eanl\u0131urfa<\/option><option value=\"Siirt\">Siirt<\/option><option value=\"Sinop\">Sinop<\/option><option value=\"Sivas\">Sivas<\/option><option value=\"\u015e\u0131rnak\">\u015e\u0131rnak<\/option><option value=\"Tekirda\u011f\">Tekirda\u011f<\/option><option value=\"Tokat\">Tokat<\/option><option value=\"Trabzon\">Trabzon<\/option><option value=\"Tunceli\">Tunceli<\/option><option value=\"U\u015fak\">U\u015fak<\/option><option value=\"Van\">Van<\/option><option value=\"Yalova\">Yalova<\/option><option value=\"Yozgat\">Yozgat<\/option><option value=\"Zonguldak\">Zonguldak<\/option><\/select><\/span><\/label><\/p>\n<p><label><span class=\"wpcf7-form-control-wrap dtarihiii\"><input type=\"date\" name=\"dtarihiii\" value=\"\" class=\"wpcf7-form-control wpcf7-date wpcf7-validates-as-required wpcf7-validates-as-date\" aria-required=\"true\" aria-invalid=\"false\" placeholder=\"Date de naissance\" \/><\/span><\/label><\/p>\n<p><label><span class=\"wpcf7-form-control-wrap basvurupoz\"><select name=\"basvurupoz\" class=\"wpcf7-form-control wpcf7-select wpcf7-validates-as-required\" aria-required=\"true\" aria-invalid=\"false\"><option value=\"- Positionner\">- Positionner<\/option><option value=\"Comptabilit\u00e9\">Comptabilit\u00e9<\/option><option value=\"Ressources humaines\">Ressources humaines<\/option><option value=\"Col blanc\">Col blanc<\/option><option value=\"Col bleu\">Col bleu<\/option><\/select><\/span><\/label><\/p>\n<p><label><span class=\"wpcf7-form-control-wrap kendindenbahset\"><textarea name=\"kendindenbahset\" cols=\"40\" rows=\"10\" class=\"wpcf7-form-control wpcf7-textarea wpcf7-validates-as-required\" aria-required=\"true\" aria-invalid=\"false\" placeholder=\"Pouvez-vous bri\u00e8vement parler de vous ?\"><\/textarea><\/span><\/label><\/p>\n<p><label><span class=\"wpcf7-form-control-wrap cvek\"><input type=\"file\" name=\"cvek\" size=\"40\" class=\"wpcf7-form-control wpcf7-file wpcf7-validates-as-required\" accept=\".doc,.docx,.pdf,.xls,.xlsx,.jpeg,.jpg,.png\" aria-required=\"true\" aria-invalid=\"false\" \/><\/span><\/label><\/p>\n<p><label><span class=\"wpcf7-form-control-wrap kosullarsartlar\"><span class=\"wpcf7-form-control wpcf7-acceptance optional\"><span class=\"wpcf7-list-item\"><label><input type=\"checkbox\" name=\"kosullarsartlar\" value=\"1\" aria-invalid=\"false\" \/><span class=\"wpcf7-list-item-label\">J'accepte l'exactitude des informations ci-dessus, je sais que ces informations seront h\u00e9berg\u00e9es sur vos syst\u00e8mes et j'autorise.<\/span><\/label><\/span><\/span><\/span><\/label><\/p>\n<p><input type=\"submit\" value=\"Envoyer\" class=\"wpcf7-form-control wpcf7-submit\" \/><\/p>\n<div class=\"wpcf7-response-output\" aria-hidden=\"true\"><\/div><\/form><\/div>\n\n\n\t\t<\/div>\n\t\t\t<\/div>\n\n\t\n\n<\/div>\n\n\t\t<\/div>\n\n\t\t\n<style>\n#section_528984318 {\n  padding-top: 30px;\n  padding-bottom: 30px;\n}\n<\/style>\n\t<\/section>\n\t\n\n","protected":false},"excerpt":{"rendered":"","protected":false},"author":1,"featured_media":0,"parent":0,"menu_order":0,"comment_status":"closed","ping_status":"closed","template":"page-blank.php","meta":[],"_links":{"self":[{"href":"https:\/\/simseksocks.com\/fr\/wp-json\/wp\/v2\/pages\/153"}],"collection":[{"href":"https:\/\/simseksocks.com\/fr\/wp-json\/wp\/v2\/pages"}],"about":[{"href":"https:\/\/simseksocks.com\/fr\/wp-json\/wp\/v2\/types\/page"}],"author":[{"embeddable":true,"href":"https:\/\/simseksocks.com\/fr\/wp-json\/wp\/v2\/users\/1"}],"replies":[{"embeddable":true,"href":"https:\/\/simseksocks.com\/fr\/wp-json\/wp\/v2\/comments?post=153"}],"version-history":[{"count":5,"href":"https:\/\/simseksocks.com\/fr\/wp-json\/wp\/v2\/pages\/153\/revisions"}],"predecessor-version":[{"id":506,"href":"https:\/\/simseksocks.com\/fr\/wp-json\/wp\/v2\/pages\/153\/revisions\/506"}],"wp:attachment":[{"href":"https:\/\/simseksocks.com\/fr\/wp-json\/wp\/v2\/media?parent=153"}],"curies":[{"name":"wp","href":"https:\/\/api.w.org\/{rel}","templated":true}]}}