{"id":169,"date":"2021-03-24T13:08:46","date_gmt":"2021-03-24T10:08:46","guid":{"rendered":"https:\/\/simseksocks.com\/fr\/?page_id=169"},"modified":"2021-04-26T15:06:05","modified_gmt":"2021-04-26T12:06:05","slug":"sertifikalar","status":"publish","type":"page","link":"https:\/\/simseksocks.com\/fr\/sertifikalar\/","title":{"rendered":"Sertifikalar"},"content":{"rendered":"\n  <div id=\"page-header-564987658\" class=\"page-header-wrapper\">\n  <div class=\"page-title dark featured-title\">\n\n    \n    <div class=\"page-title-inner container align-center flex-row medium-flex-wrap\" >\n              <div class=\"title-wrapper flex-col text-left medium-text-center\">\n          <h1 class=\"entry-title mb-0\">\n            Sertifikalar          <\/h1>\n        <\/div>\n                    <div class=\"title-content flex-col flex-right text-right medium-text-center\">\n        <div class=\"title-share pt-half pb-half\"><div class=\"social-icons share-icons share-row relative\" ><a href=\"whatsapp:\/\/send?text=Sertifikalar - https:\/\/simseksocks.com\/fr\/sertifikalar\/\" data-action=\"share\/whatsapp\/share\" class=\"icon button circle is-outline tooltip whatsapp show-for-medium\" title=\"Share on WhatsApp\"><i class=\"icon-whatsapp\"><\/i><\/a><a href=\"https:\/\/www.facebook.com\/sharer.php?u=https:\/\/simseksocks.com\/fr\/sertifikalar\/\" data-label=\"Facebook\" onclick=\"window.open(this.href,this.title,'width=500,height=500,top=300px,left=300px');  return false;\" rel=\"noopener noreferrer nofollow\" target=\"_blank\" class=\"icon button circle is-outline tooltip facebook\" title=\"Facebook ile Payla\u015f\"><i class=\"icon-facebook\" ><\/i><\/a><a href=\"https:\/\/twitter.com\/share?url=https:\/\/simseksocks.com\/fr\/sertifikalar\/\" onclick=\"window.open(this.href,this.title,'width=500,height=500,top=300px,left=300px');  return false;\" rel=\"noopener noreferrer nofollow\" target=\"_blank\" class=\"icon button circle is-outline tooltip twitter\" title=\"Twitter ile Payla\u015f\"><i class=\"icon-twitter\" ><\/i><\/a><a href=\"mailto:enteryour@addresshere.com?subject=Sertifikalar&amp;body=Check%20this%20out:%20https:\/\/simseksocks.com\/fr\/sertifikalar\/\" rel=\"nofollow\" class=\"icon button circle is-outline tooltip email\" title=\"Arkada\u015f\u0131na Email \u0130le G\u00f6nder\"><i class=\"icon-envelop\" ><\/i><\/a><a href=\"https:\/\/pinterest.com\/pin\/create\/button\/?url=https:\/\/simseksocks.com\/fr\/sertifikalar\/&amp;media=&amp;description=Sertifikalar\" onclick=\"window.open(this.href,this.title,'width=500,height=500,top=300px,left=300px');  return false;\" rel=\"noopener noreferrer nofollow\" target=\"_blank\" class=\"icon button circle is-outline tooltip pinterest\" title=\"Pinterest&rsquo; te \u0130\u011fnele\"><i class=\"icon-pinterest\" ><\/i><\/a><a href=\"https:\/\/www.linkedin.com\/shareArticle?mini=true&url=https:\/\/simseksocks.com\/fr\/sertifikalar\/&title=Sertifikalar\" onclick=\"window.open(this.href,this.title,'width=500,height=500,top=300px,left=300px');  return false;\"  rel=\"noopener noreferrer nofollow\" target=\"_blank\" class=\"icon button circle is-outline tooltip linkedin\" title=\"Share on LinkedIn\"><i class=\"icon-linkedin\" ><\/i><\/a><\/div><\/div>      <\/div>\n    <\/div>\n\n       <\/div>\n    <\/div>\n  \n\n\t<div id=\"gap-1123987420\" class=\"gap-element clearfix\" style=\"display:block; height:auto;\">\n\t\t\n<style>\n#gap-1123987420 {\n  padding-top: 30px;\n}\n<\/style>\n\t<\/div>\n\t\n\n<div class=\"row\"  id=\"row-498044367\">\n\n\n\t<div id=\"col-1088260035\" class=\"col medium-4 small-12 large-4\"  data-animate=\"fadeInLeft\">\n\t\t<div class=\"col-inner box-shadow-2 box-shadow-3-hover\"  >\n\t\t\t\n\t\t\t\n\n\t<div class=\"img has-hover x md-x lg-x y md-y lg-y\" id=\"image_1682355181\">\n\t\t\t\t\t\t\t\t<div class=\"img-inner dark\" >\n\t\t\t<img width=\"306\" height=\"165\" src=\"https:\/\/simseksocks.com\/fr\/wp-content\/uploads\/2021\/04\/OEKO.jpg\" class=\"attachment-original size-original\" alt=\"OEKO\" loading=\"lazy\" srcset=\"https:\/\/simseksocks.com\/fr\/wp-content\/uploads\/2021\/04\/OEKO.jpg 306w, https:\/\/simseksocks.com\/fr\/wp-content\/uploads\/2021\/04\/OEKO-300x162.jpg 300w\" sizes=\"(max-width: 306px) 100vw, 306px\" \/>\t\t\t\t\t\t\n\t\t\t\t\t<\/div>\n\t\t\t\t\t\t\t\t\n<style>\n#image_1682355181 {\n  width: 100%;\n}\n<\/style>\n\t<\/div>\n\t\n\n<div class=\"is-divider divider clearfix\" style=\"margin-top:0.2em;margin-bottom:0.2em;max-width:100%;height:2px;background-color:rgb(217, 217, 217);\"><\/div>\n\n\t<div id=\"text-138012385\" class=\"text\">\n\t\t\n\n<div><strong>OEKO-TEX Urun Guvenli\u011fi Sertifikas\u0131<\/strong><\/div>\n\t\t\n<style>\n#text-138012385 {\n  text-align: center;\n  color: rgb(45, 45, 45);\n}\n#text-138012385 > * {\n  color: rgb(45, 45, 45);\n}\n<\/style>\n\t<\/div>\n\t\n\n\t\t<\/div>\n\t\t\n<style>\n#col-1088260035 > .col-inner {\n  border-radius: 10px;\n}\n<\/style>\n\t<\/div>\n\n\t\n\n\t<div id=\"col-2011487011\" class=\"col medium-4 small-12 large-4\"  data-animate=\"bounceIn\">\n\t\t<div class=\"col-inner box-shadow-2 box-shadow-3-hover\"  >\n\t\t\t\n\t\t\t\n\n\t<div class=\"img has-hover x md-x lg-x y md-y lg-y\" id=\"image_1810019292\">\n\t\t\t\t\t\t\t\t<div class=\"img-inner dark\" >\n\t\t\t<img width=\"306\" height=\"165\" src=\"https:\/\/simseksocks.com\/fr\/wp-content\/uploads\/2021\/04\/BSCI-2021.jpg\" class=\"attachment-original size-original\" alt=\"\" loading=\"lazy\" srcset=\"https:\/\/simseksocks.com\/fr\/wp-content\/uploads\/2021\/04\/BSCI-2021.jpg 306w, https:\/\/simseksocks.com\/fr\/wp-content\/uploads\/2021\/04\/BSCI-2021-300x162.jpg 300w\" sizes=\"(max-width: 306px) 100vw, 306px\" \/>\t\t\t\t\t\t\n\t\t\t\t\t<\/div>\n\t\t\t\t\t\t\t\t\n<style>\n#image_1810019292 {\n  width: 100%;\n}\n<\/style>\n\t<\/div>\n\t\n\n<div class=\"is-divider divider clearfix\" style=\"margin-top:0.2em;margin-bottom:0.2em;max-width:100%;height:2px;background-color:rgb(217, 217, 217);\"><\/div>\n\n\t<div id=\"text-1314586517\" class=\"text\">\n\t\t\n\n<div><strong>BSCI Sosyal Uygunluk Denetimi<\/strong><\/div>\n\t\t\n<style>\n#text-1314586517 {\n  text-align: center;\n  color: rgb(45, 45, 45);\n}\n#text-1314586517 > * {\n  color: rgb(45, 45, 45);\n}\n<\/style>\n\t<\/div>\n\t\n\n\t\t<\/div>\n\t\t\n<style>\n#col-2011487011 > .col-inner {\n  border-radius: 10px;\n}\n<\/style>\n\t<\/div>\n\n\t\n\n\t<div id=\"col-1066933409\" class=\"col medium-4 small-12 large-4\"  data-animate=\"fadeInRight\">\n\t\t<div class=\"col-inner box-shadow-2 box-shadow-3-hover\"  >\n\t\t\t\n\t\t\t\n\n\t<div class=\"img has-hover x md-x lg-x y md-y lg-y\" id=\"image_172044017\">\n\t\t\t\t\t\t\t\t<div class=\"img-inner dark\" >\n\t\t\t<img width=\"306\" height=\"165\" src=\"https:\/\/simseksocks.com\/fr\/wp-content\/uploads\/2021\/03\/Gots.jpg\" class=\"attachment-original size-original\" alt=\"\" loading=\"lazy\" srcset=\"https:\/\/simseksocks.com\/fr\/wp-content\/uploads\/2021\/03\/Gots.jpg 306w, https:\/\/simseksocks.com\/fr\/wp-content\/uploads\/2021\/03\/Gots-300x162.jpg 300w\" sizes=\"(max-width: 306px) 100vw, 306px\" \/>\t\t\t\t\t\t\n\t\t\t\t\t<\/div>\n\t\t\t\t\t\t\t\t\n<style>\n#image_172044017 {\n  width: 100%;\n}\n<\/style>\n\t<\/div>\n\t\n\n<div class=\"is-divider divider clearfix\" style=\"margin-top:0.2em;margin-bottom:0.2em;max-width:100%;height:2px;background-color:rgb(217, 217, 217);\"><\/div>\n\n\t<div id=\"text-2829557123\" class=\"text\">\n\t\t\n\n<div><strong>GOTS Organik<\/strong><\/div>\n\t\t\n<style>\n#text-2829557123 {\n  text-align: center;\n  color: rgb(45, 45, 45);\n}\n#text-2829557123 > * {\n  color: rgb(45, 45, 45);\n}\n<\/style>\n\t<\/div>\n\t\n\n\t\t<\/div>\n\t\t\n<style>\n#col-1066933409 > .col-inner {\n  border-radius: 10px;\n}\n<\/style>\n\t<\/div>\n\n\t\n\n\t<div id=\"col-952836387\" class=\"col medium-4 small-12 large-4\"  data-animate=\"fadeInLeft\">\n\t\t<div class=\"col-inner box-shadow-2 box-shadow-3-hover\"  >\n\t\t\t\n\t\t\t\n\n\t<div class=\"img has-hover x md-x lg-x y md-y lg-y\" id=\"image_317469793\">\n\t\t\t\t\t\t\t\t<div class=\"img-inner dark\" >\n\t\t\t<img width=\"306\" height=\"165\" src=\"https:\/\/simseksocks.com\/fr\/wp-content\/uploads\/2021\/04\/Sedex.jpg\" class=\"attachment-original size-original\" alt=\"Sedex\" loading=\"lazy\" srcset=\"https:\/\/simseksocks.com\/fr\/wp-content\/uploads\/2021\/04\/Sedex.jpg 306w, https:\/\/simseksocks.com\/fr\/wp-content\/uploads\/2021\/04\/Sedex-300x162.jpg 300w\" sizes=\"(max-width: 306px) 100vw, 306px\" \/>\t\t\t\t\t\t\n\t\t\t\t\t<\/div>\n\t\t\t\t\t\t\t\t\n<style>\n#image_317469793 {\n  width: 100%;\n}\n<\/style>\n\t<\/div>\n\t\n\n<div class=\"is-divider divider clearfix\" style=\"margin-top:0.2em;margin-bottom:0.2em;max-width:100%;height:2px;background-color:rgb(217, 217, 217);\"><\/div>\n\n\t<div id=\"text-2897735762\" class=\"text\">\n\t\t\n\n<div><strong>SEDEX Sosyal Uygunluk Denetimi<\/strong><\/div>\n\t\t\n<style>\n#text-2897735762 {\n  text-align: center;\n  color: rgb(45, 45, 45);\n}\n#text-2897735762 > * {\n  color: rgb(45, 45, 45);\n}\n<\/style>\n\t<\/div>\n\t\n\n\t\t<\/div>\n\t\t\n<style>\n#col-952836387 > .col-inner {\n  border-radius: 10px;\n}\n<\/style>\n\t<\/div>\n\n\t\n\n\t<div id=\"col-488871839\" class=\"col medium-4 small-12 large-4\"  data-animate=\"bounceIn\">\n\t\t<div class=\"col-inner box-shadow-2 box-shadow-3-hover\"  >\n\t\t\t\n\t\t\t\n\n\t<div class=\"img has-hover x md-x lg-x y md-y lg-y\" id=\"image_397387632\">\n\t\t\t\t\t\t\t\t<div class=\"img-inner dark\" >\n\t\t\t<img width=\"306\" height=\"165\" src=\"https:\/\/simseksocks.com\/fr\/wp-content\/uploads\/2021\/03\/Organik-Urun.jpg\" class=\"attachment-original size-original\" alt=\"\" loading=\"lazy\" srcset=\"https:\/\/simseksocks.com\/fr\/wp-content\/uploads\/2021\/03\/Organik-Urun.jpg 306w, https:\/\/simseksocks.com\/fr\/wp-content\/uploads\/2021\/03\/Organik-Urun-300x162.jpg 300w\" sizes=\"(max-width: 306px) 100vw, 306px\" \/>\t\t\t\t\t\t\n\t\t\t\t\t<\/div>\n\t\t\t\t\t\t\t\t\n<style>\n#image_397387632 {\n  width: 100%;\n}\n<\/style>\n\t<\/div>\n\t\n\n<div class=\"is-divider divider clearfix\" style=\"margin-top:0.2em;margin-bottom:0.2em;max-width:100%;height:2px;background-color:rgb(217, 217, 217);\"><\/div>\n\n\t<div id=\"text-2919528323\" class=\"text\">\n\t\t\n\n<div><strong>OCS Organik<\/strong><\/div>\n\t\t\n<style>\n#text-2919528323 {\n  text-align: center;\n  color: rgb(45, 45, 45);\n}\n#text-2919528323 > * {\n  color: rgb(45, 45, 45);\n}\n<\/style>\n\t<\/div>\n\t\n\n\t\t<\/div>\n\t\t\n<style>\n#col-488871839 > .col-inner {\n  border-radius: 10px;\n}\n<\/style>\n\t<\/div>\n\n\t\n\n\t<div id=\"col-1466354500\" class=\"col medium-4 small-12 large-4\"  data-animate=\"fadeInRight\">\n\t\t<div class=\"col-inner box-shadow-2 box-shadow-3-hover\"  >\n\t\t\t\n\t\t\t\n\n\t<div class=\"img has-hover x md-x lg-x y md-y lg-y\" id=\"image_178977686\">\n\t\t\t\t\t\t\t\t<div class=\"img-inner dark\" >\n\t\t\t<img width=\"306\" height=\"165\" src=\"https:\/\/simseksocks.com\/fr\/wp-content\/uploads\/2021\/03\/Iso-9001.png\" class=\"attachment-original size-original\" alt=\"\" loading=\"lazy\" srcset=\"https:\/\/simseksocks.com\/fr\/wp-content\/uploads\/2021\/03\/Iso-9001.png 306w, https:\/\/simseksocks.com\/fr\/wp-content\/uploads\/2021\/03\/Iso-9001-300x162.png 300w\" sizes=\"(max-width: 306px) 100vw, 306px\" \/>\t\t\t\t\t\t\n\t\t\t\t\t<\/div>\n\t\t\t\t\t\t\t\t\n<style>\n#image_178977686 {\n  width: 100%;\n}\n<\/style>\n\t<\/div>\n\t\n\n<div class=\"is-divider divider clearfix\" style=\"margin-top:0.2em;margin-bottom:0.2em;max-width:100%;height:2px;background-color:rgb(217, 217, 217);\"><\/div>\n\n\t<div id=\"text-2942384424\" class=\"text\">\n\t\t\n\n<div><strong>ISO:9001 Kalite Yonetim Sistemleri<\/strong><\/div>\n\t\t\n<style>\n#text-2942384424 {\n  text-align: center;\n  color: rgb(45, 45, 45);\n}\n#text-2942384424 > * {\n  color: rgb(45, 45, 45);\n}\n<\/style>\n\t<\/div>\n\t\n\n\t\t<\/div>\n\t\t\n<style>\n#col-1466354500 > .col-inner {\n  border-radius: 10px;\n}\n<\/style>\n\t<\/div>\n\n\t\n\n\t<div id=\"col-1286325512\" class=\"col medium-4 small-12 large-4\"  data-animate=\"fadeInLeft\">\n\t\t<div class=\"col-inner box-shadow-2 box-shadow-3-hover\"  >\n\t\t\t\n\t\t\t\n\n\t<div class=\"img has-hover x md-x lg-x y md-y lg-y\" id=\"image_1040752570\">\n\t\t\t\t\t\t\t\t<div class=\"img-inner dark\" >\n\t\t\t<img width=\"306\" height=\"165\" src=\"https:\/\/simseksocks.com\/fr\/wp-content\/uploads\/2021\/04\/ISO-14001-r.jpg\" class=\"attachment-original size-original\" alt=\"\" loading=\"lazy\" srcset=\"https:\/\/simseksocks.com\/fr\/wp-content\/uploads\/2021\/04\/ISO-14001-r.jpg 306w, https:\/\/simseksocks.com\/fr\/wp-content\/uploads\/2021\/04\/ISO-14001-r-300x162.jpg 300w\" sizes=\"(max-width: 306px) 100vw, 306px\" \/>\t\t\t\t\t\t\n\t\t\t\t\t<\/div>\n\t\t\t\t\t\t\t\t\n<style>\n#image_1040752570 {\n  width: 100%;\n}\n<\/style>\n\t<\/div>\n\t\n\n<div class=\"is-divider divider clearfix\" style=\"margin-top:0.2em;margin-bottom:0.2em;max-width:100%;height:2px;background-color:rgb(217, 217, 217);\"><\/div>\n\n\t<div id=\"text-1591142466\" class=\"text\">\n\t\t\n\n<div><strong>ISO:14001 \u00c7evre Yonetim Sistemleri<\/strong><\/div>\n\t\t\n<style>\n#text-1591142466 {\n  text-align: center;\n  color: rgb(45, 45, 45);\n}\n#text-1591142466 > * {\n  color: rgb(45, 45, 45);\n}\n<\/style>\n\t<\/div>\n\t\n\n\t\t<\/div>\n\t\t\n<style>\n#col-1286325512 > .col-inner {\n  border-radius: 10px;\n}\n<\/style>\n\t<\/div>\n\n\t\n\n\t<div id=\"col-1989418754\" class=\"col medium-4 small-12 large-4\"  data-animate=\"bounceIn\">\n\t\t<div class=\"col-inner box-shadow-2 box-shadow-3-hover\"  >\n\t\t\t\n\t\t\t\n\n\t<div class=\"img has-hover x md-x lg-x y md-y lg-y\" id=\"image_2094328327\">\n\t\t\t\t\t\t\t\t<div class=\"img-inner dark\" >\n\t\t\t<img width=\"306\" height=\"165\" src=\"https:\/\/simseksocks.com\/fr\/wp-content\/uploads\/2021\/03\/ISO-27001.jpg\" class=\"attachment-original size-original\" alt=\"\" loading=\"lazy\" srcset=\"https:\/\/simseksocks.com\/fr\/wp-content\/uploads\/2021\/03\/ISO-27001.jpg 306w, https:\/\/simseksocks.com\/fr\/wp-content\/uploads\/2021\/03\/ISO-27001-300x162.jpg 300w\" sizes=\"(max-width: 306px) 100vw, 306px\" \/>\t\t\t\t\t\t\n\t\t\t\t\t<\/div>\n\t\t\t\t\t\t\t\t\n<style>\n#image_2094328327 {\n  width: 100%;\n}\n<\/style>\n\t<\/div>\n\t\n\n<div class=\"is-divider divider clearfix\" style=\"margin-top:0.2em;margin-bottom:0.2em;max-width:100%;height:2px;background-color:rgb(217, 217, 217);\"><\/div>\n\n\t<div id=\"text-2873945214\" class=\"text\">\n\t\t\n\n<div><strong>ISO:27001 Kalite Yonetim Sistemleri<\/strong><\/div>\n\t\t\n<style>\n#text-2873945214 {\n  text-align: center;\n  color: rgb(45, 45, 45);\n}\n#text-2873945214 > * {\n  color: rgb(45, 45, 45);\n}\n<\/style>\n\t<\/div>\n\t\n\n\t\t<\/div>\n\t\t\n<style>\n#col-1989418754 > .col-inner {\n  border-radius: 10px;\n}\n<\/style>\n\t<\/div>\n\n\t\n\n\t<div id=\"col-1206306551\" class=\"col medium-4 small-12 large-4\"  data-animate=\"fadeInRight\">\n\t\t<div class=\"col-inner box-shadow-2 box-shadow-3-hover\"  >\n\t\t\t\n\t\t\t\n\n\t<div class=\"img has-hover x md-x lg-x y md-y lg-y\" id=\"image_515511706\">\n\t\t\t\t\t\t\t\t<div class=\"img-inner dark\" >\n\t\t\t<img width=\"306\" height=\"165\" src=\"https:\/\/simseksocks.com\/fr\/wp-content\/uploads\/2021\/04\/45001.jpg\" class=\"attachment-original size-original\" alt=\"\" loading=\"lazy\" srcset=\"https:\/\/simseksocks.com\/fr\/wp-content\/uploads\/2021\/04\/45001.jpg 306w, https:\/\/simseksocks.com\/fr\/wp-content\/uploads\/2021\/04\/45001-300x162.jpg 300w\" sizes=\"(max-width: 306px) 100vw, 306px\" \/>\t\t\t\t\t\t\n\t\t\t\t\t<\/div>\n\t\t\t\t\t\t\t\t\n<style>\n#image_515511706 {\n  width: 100%;\n}\n<\/style>\n\t<\/div>\n\t\n\n<div class=\"is-divider divider clearfix\" style=\"margin-top:0.2em;margin-bottom:0.2em;max-width:100%;height:2px;background-color:rgb(217, 217, 217);\"><\/div>\n\n\t<div id=\"text-515198948\" class=\"text\">\n\t\t\n\n<div><strong>ISO:45001 \u0130SG Yonetim Sistemleri<\/strong><\/div>\n\t\t\n<style>\n#text-515198948 {\n  text-align: center;\n  color: rgb(45, 45, 45);\n}\n#text-515198948 > * {\n  color: rgb(45, 45, 45);\n}\n<\/style>\n\t<\/div>\n\t\n\n\t\t<\/div>\n\t\t\n<style>\n#col-1206306551 > .col-inner {\n  border-radius: 10px;\n}\n<\/style>\n\t<\/div>\n\n\t\n\n\t<div id=\"col-962207661\" class=\"col medium-4 small-12 large-4\"  data-animate=\"fadeInLeft\">\n\t\t<div class=\"col-inner box-shadow-2 box-shadow-3-hover\"  >\n\t\t\t\n\t\t\t\n\n\t<div class=\"img has-hover x md-x lg-x y md-y lg-y\" id=\"image_54400528\">\n\t\t\t\t\t\t\t\t<div class=\"img-inner dark\" >\n\t\t\t<img width=\"306\" height=\"165\" src=\"https:\/\/simseksocks.com\/fr\/wp-content\/uploads\/2021\/04\/ISO-10002.jpg\" class=\"attachment-original size-original\" alt=\"\" loading=\"lazy\" srcset=\"https:\/\/simseksocks.com\/fr\/wp-content\/uploads\/2021\/04\/ISO-10002.jpg 306w, https:\/\/simseksocks.com\/fr\/wp-content\/uploads\/2021\/04\/ISO-10002-300x162.jpg 300w\" sizes=\"(max-width: 306px) 100vw, 306px\" \/>\t\t\t\t\t\t\n\t\t\t\t\t<\/div>\n\t\t\t\t\t\t\t\t\n<style>\n#image_54400528 {\n  width: 100%;\n}\n<\/style>\n\t<\/div>\n\t\n\n<div class=\"is-divider divider clearfix\" style=\"margin-top:0.2em;margin-bottom:0.2em;max-width:100%;height:2px;background-color:rgb(217, 217, 217);\"><\/div>\n\n\t<div id=\"text-899774158\" class=\"text\">\n\t\t\n\n<div><span style=\"font-size: 85%;\"><strong>ISO:10002 M\u00fc\u015fteri Memnuniyeti Yonetim Sistemleri<\/strong><\/span><\/div>\n\t\t\n<style>\n#text-899774158 {\n  text-align: center;\n  color: rgb(45, 45, 45);\n}\n#text-899774158 > * {\n  color: rgb(45, 45, 45);\n}\n<\/style>\n\t<\/div>\n\t\n\n\t\t<\/div>\n\t\t\n<style>\n#col-962207661 > .col-inner {\n  border-radius: 10px;\n}\n<\/style>\n\t<\/div>\n\n\t\n\n\t<div id=\"col-681010546\" class=\"col medium-4 small-12 large-4\"  data-animate=\"bounceIn\">\n\t\t<div class=\"col-inner box-shadow-2 box-shadow-3-hover\"  >\n\t\t\t\n\t\t\t\n\n\t<div class=\"img has-hover x md-x lg-x y md-y lg-y\" id=\"image_2057009960\">\n\t\t\t\t\t\t\t\t<div class=\"img-inner dark\" >\n\t\t\t<img width=\"306\" height=\"165\" src=\"https:\/\/simseksocks.com\/fr\/wp-content\/uploads\/2021\/04\/ISO-26000.jpg\" class=\"attachment-original size-original\" alt=\"\" loading=\"lazy\" srcset=\"https:\/\/simseksocks.com\/fr\/wp-content\/uploads\/2021\/04\/ISO-26000.jpg 306w, https:\/\/simseksocks.com\/fr\/wp-content\/uploads\/2021\/04\/ISO-26000-300x162.jpg 300w\" sizes=\"(max-width: 306px) 100vw, 306px\" \/>\t\t\t\t\t\t\n\t\t\t\t\t<\/div>\n\t\t\t\t\t\t\t\t\n<style>\n#image_2057009960 {\n  width: 100%;\n}\n<\/style>\n\t<\/div>\n\t\n\n<div class=\"is-divider divider clearfix\" style=\"margin-top:0.2em;margin-bottom:0.2em;max-width:100%;height:2px;background-color:rgb(217, 217, 217);\"><\/div>\n\n\t<div id=\"text-2103659493\" class=\"text\">\n\t\t\n\n<div><span style=\"font-size: 85%;\"><strong>ISO:26000 Sosyal Sorumluluk Yonetim Sistemleri<\/strong><\/span><\/div>\n\t\t\n<style>\n#text-2103659493 {\n  text-align: center;\n  color: rgb(45, 45, 45);\n}\n#text-2103659493 > * {\n  color: rgb(45, 45, 45);\n}\n<\/style>\n\t<\/div>\n\t\n\n\t\t<\/div>\n\t\t\n<style>\n#col-681010546 > .col-inner {\n  border-radius: 10px;\n}\n<\/style>\n\t<\/div>\n\n\t\n\n\n<style>\n#row-498044367 > .col > .col-inner {\n  padding: 10px 0px 10px 0px;\n}\n<\/style>\n<\/div>\n\n","protected":false},"excerpt":{"rendered":"","protected":false},"author":1,"featured_media":0,"parent":0,"menu_order":0,"comment_status":"closed","ping_status":"closed","template":"page-blank.php","meta":[],"_links":{"self":[{"href":"https:\/\/simseksocks.com\/fr\/wp-json\/wp\/v2\/pages\/169"}],"collection":[{"href":"https:\/\/simseksocks.com\/fr\/wp-json\/wp\/v2\/pages"}],"about":[{"href":"https:\/\/simseksocks.com\/fr\/wp-json\/wp\/v2\/types\/page"}],"author":[{"embeddable":true,"href":"https:\/\/simseksocks.com\/fr\/wp-json\/wp\/v2\/users\/1"}],"replies":[{"embeddable":true,"href":"https:\/\/simseksocks.com\/fr\/wp-json\/wp\/v2\/comments?post=169"}],"version-history":[{"count":16,"href":"https:\/\/simseksocks.com\/fr\/wp-json\/wp\/v2\/pages\/169\/revisions"}],"predecessor-version":[{"id":359,"href":"https:\/\/simseksocks.com\/fr\/wp-json\/wp\/v2\/pages\/169\/revisions\/359"}],"wp:attachment":[{"href":"https:\/\/simseksocks.com\/fr\/wp-json\/wp\/v2\/media?parent=169"}],"curies":[{"name":"wp","href":"https:\/\/api.w.org\/{rel}","templated":true}]}}